{"id":1467,"date":"2023-08-09T23:17:57","date_gmt":"2023-08-09T22:17:57","guid":{"rendered":"https:\/\/investmedic-store.com\/?post_type=product&#038;p=1467"},"modified":"2025-08-18T12:10:47","modified_gmt":"2025-08-18T11:10:47","slug":"ceinture-orthopedique-chauffante","status":"publish","type":"product","link":"https:\/\/investmedic-store.com\/?product=ceinture-orthopedique-chauffante","title":{"rendered":"HC 1011 \/ HC 1012 Ceinture Orthop\u00e9dique Chauffante"},"content":{"rendered":"<h2>Ceinture de chaleur orthop\u00e9dique<\/h2>\n<p>La chaleur humide augmente la circulation sanguine et acc\u00e9l\u00e8re la r\u00e9cup\u00e9ration en apportant des cellules sanguines fra\u00eeches et en \u00e9liminant les d\u00e9chets qui pourraient entraver la gu\u00e9rison.\u00a0La chaleur humide produite par cette ceinture transf\u00e8re la chaleur \u00e9lev\u00e9e plus profond\u00e9ment dans les tissus qu&#8217;une chaleur s\u00e8che ordinaire.<\/p>\n<p>(Pour une utilisation avec chaleur humide, plongez la feuille absorbante dans l\u2019eau, rincez-la pour \u00e9viter les gouttes d\u2019eau. \u00c9talez la feuille sur le coussin chauffant et commencez \u00e0 l\u2019utiliser sur la zone touch\u00e9e du corps. Nous vous sugg\u00e9rons d\u2019utiliser une housse en tissu lors de l\u2019utilisation pour les applications de chaleur humide, cela garantit que la chaleur maximale est transf\u00e9r\u00e9e profond\u00e9ment dans les tissus corporels.)<\/p>\n<p>La ceinture chauffante peut \u00e9galement \u00eatre utilis\u00e9e sans feuille absorbante humide, comme une ceinture chauffante normale pour la fomentation.<br \/>\nArr\u00eat<br \/>\nautomatique Contr\u00f4le automatique de l&#8217;heure<br \/>\nTemp.\u00a0r\u00e9gulation<br \/>\ntemp. automatique programmable\u00a0r\u00e9glages<br \/>\nGarantie de remplacement d&#8217;un an.<br \/>\nSyst\u00e8me de chauffage \u00e0 commande num\u00e9rique (DCHS)<br \/>\nL&#8217;affichage \u00e0 cristaux liquides indique la temp. R\u00e9gl\u00e9e.\u00a0&amp; Live temp.<\/p>\n<p>Disponible en 2 tailles pratiques<\/p>\n","protected":false},"excerpt":{"rendered":"<p>Ceinture de chaleur orthop\u00e9dique La chaleur humide augmente la circulation sanguine et acc\u00e9l\u00e8re la r\u00e9cup\u00e9ration en apportant des cellules sanguines fra\u00eeches et en \u00e9liminant les d\u00e9chets qui pourraient entraver la gu\u00e9rison.\u00a0La chaleur humide produite par cette ceinture transf\u00e8re la chaleur \u00e9lev\u00e9e plus profond\u00e9ment dans les tissus qu&#8217;une chaleur s\u00e8che ordinaire. (Pour une utilisation avec chaleur &hellip;<\/p>\n<p class=\"read-more\"> <a class=\" thunk-readmore button \" href=\"https:\/\/investmedic-store.com\/?product=ceinture-orthopedique-chauffante\"> <span class=\"screen-reader-text\">HC 1011 \/ HC 1012 Ceinture Orthop\u00e9dique Chauffante<\/span>Read More<\/a><\/p>\n","protected":false},"featured_media":1470,"comment_status":"open","ping_status":"closed","template":"","meta":{"om_disable_all_campaigns":false,"_joinchat":[]},"product_cat":[60,84],"product_tag":[],"yoast_head":"<!-- This site is optimized with the Yoast SEO plugin v20.12 - https:\/\/yoast.com\/wordpress\/plugins\/seo\/ -->\n<title>HC 1011 \/ HC 1012 Ceinture Orthop\u00e9dique Chauffante - investmedic-store.com<\/title>\n<meta name=\"robots\" content=\"index, follow, max-snippet:-1, max-image-preview:large, max-video-preview:-1\" \/>\n<link rel=\"canonical\" href=\"https:\/\/investmedic-store.com\/?product=ceinture-orthopedique-chauffante\" \/>\n<meta property=\"og:locale\" content=\"fr_FR\" \/>\n<meta property=\"og:type\" content=\"article\" \/>\n<meta property=\"og:title\" content=\"HC 1011 \/ HC 1012 Ceinture Orthop\u00e9dique Chauffante - investmedic-store.com\" \/>\n<meta property=\"og:description\" content=\"Ceinture de chaleur orthop\u00e9dique La chaleur humide augmente la circulation sanguine et acc\u00e9l\u00e8re la r\u00e9cup\u00e9ration en apportant des cellules sanguines fra\u00eeches et en \u00e9liminant les d\u00e9chets qui pourraient entraver la gu\u00e9rison.\u00a0La chaleur humide produite par cette ceinture transf\u00e8re la chaleur \u00e9lev\u00e9e plus profond\u00e9ment dans les tissus qu&#8217;une chaleur s\u00e8che ordinaire. (Pour une utilisation avec chaleur &hellip; HC 1011 \/ HC 1012 Ceinture Orthop\u00e9dique ChauffanteRead More\" \/>\n<meta property=\"og:url\" content=\"https:\/\/investmedic-store.com\/?product=ceinture-orthopedique-chauffante\" \/>\n<meta property=\"og:site_name\" content=\"investmedic-store.com\" \/>\n<meta property=\"article:publisher\" content=\"https:\/\/www.facebook.com\/invest.medic\" \/>\n<meta property=\"article:modified_time\" content=\"2025-08-18T11:10:47+00:00\" \/>\n<meta property=\"og:image\" content=\"http:\/\/investmedic-store.com\/wp-content\/uploads\/2023\/08\/Premium-Orthopedic-Heat-Belt.png\" \/>\n\t<meta property=\"og:image:width\" content=\"835\" \/>\n\t<meta property=\"og:image:height\" content=\"830\" \/>\n\t<meta property=\"og:image:type\" content=\"image\/png\" \/>\n<meta name=\"twitter:card\" content=\"summary_large_image\" \/>\n<meta name=\"twitter:label1\" content=\"Dur\u00e9e de lecture estim\u00e9e\" \/>\n\t<meta name=\"twitter:data1\" content=\"1 minute\" \/>\n<script type=\"application\/ld+json\" class=\"yoast-schema-graph\">{\"@context\":\"https:\/\/schema.org\",\"@graph\":[{\"@type\":\"WebPage\",\"@id\":\"https:\/\/investmedic-store.com\/?product=ceinture-orthopedique-chauffante\",\"url\":\"https:\/\/investmedic-store.com\/?product=ceinture-orthopedique-chauffante\",\"name\":\"HC 1011 \/ HC 1012 Ceinture Orthop\u00e9dique Chauffante - investmedic-store.com\",\"isPartOf\":{\"@id\":\"https:\/\/investmedic-store.com\/#website\"},\"datePublished\":\"2023-08-09T22:17:57+00:00\",\"dateModified\":\"2025-08-18T11:10:47+00:00\",\"breadcrumb\":{\"@id\":\"https:\/\/investmedic-store.com\/?product=ceinture-orthopedique-chauffante#breadcrumb\"},\"inLanguage\":\"fr-FR\",\"potentialAction\":[{\"@type\":\"ReadAction\",\"target\":[\"https:\/\/investmedic-store.com\/?product=ceinture-orthopedique-chauffante\"]}]},{\"@type\":\"BreadcrumbList\",\"@id\":\"https:\/\/investmedic-store.com\/?product=ceinture-orthopedique-chauffante#breadcrumb\",\"itemListElement\":[{\"@type\":\"ListItem\",\"position\":1,\"name\":\"Accueil\",\"item\":\"https:\/\/investmedic-store.com\/\"},{\"@type\":\"ListItem\",\"position\":2,\"name\":\"Shop\",\"item\":\"https:\/\/investmedic-store.com\/?page_id=5\"},{\"@type\":\"ListItem\",\"position\":3,\"name\":\"HC 1011 \/ HC 1012 Ceinture Orthop\u00e9dique Chauffante\"}]},{\"@type\":\"WebSite\",\"@id\":\"https:\/\/investmedic-store.com\/#website\",\"url\":\"https:\/\/investmedic-store.com\/\",\"name\":\"invest medic store\",\"description\":\"Importation &amp; Distribution Du Materiels Medico-Chirurgicales - \u0627\u0633\u062a\u064a\u0631\u0627\u062f \u0648\u062a\u0648\u0632\u064a\u0639 \u0627\u0644\u0645\u0648\u0627\u062f \u0627\u0644\u0637\u0628\u064a\u0629 \u0627\u0644\u062c\u0631\u0627\u062d\u064a\u0629\",\"publisher\":{\"@id\":\"https:\/\/investmedic-store.com\/#organization\"},\"alternateName\":\"investmedic store\",\"potentialAction\":[{\"@type\":\"SearchAction\",\"target\":{\"@type\":\"EntryPoint\",\"urlTemplate\":\"https:\/\/investmedic-store.com\/?s={search_term_string}\"},\"query-input\":\"required name=search_term_string\"}],\"inLanguage\":\"fr-FR\"},{\"@type\":\"Organization\",\"@id\":\"https:\/\/investmedic-store.com\/#organization\",\"name\":\"invest.medic store\",\"alternateName\":\"investmedic store\",\"url\":\"https:\/\/investmedic-store.com\/\",\"logo\":{\"@type\":\"ImageObject\",\"inLanguage\":\"fr-FR\",\"@id\":\"https:\/\/investmedic-store.com\/#\/schema\/logo\/image\/\",\"url\":\"https:\/\/investmedic-store.com\/wp-content\/uploads\/2023\/07\/cropped-LOGO_INVEST-transformed-removebg-preview-transformed-1-e1690120839263.png\",\"contentUrl\":\"https:\/\/investmedic-store.com\/wp-content\/uploads\/2023\/07\/cropped-LOGO_INVEST-transformed-removebg-preview-transformed-1-e1690120839263.png\",\"width\":512,\"height\":512,\"caption\":\"invest.medic store\"},\"image\":{\"@id\":\"https:\/\/investmedic-store.com\/#\/schema\/logo\/image\/\"},\"sameAs\":[\"https:\/\/www.facebook.com\/invest.medic\"]}]}<\/script>\n<!-- \/ Yoast SEO plugin. -->","yoast_head_json":{"title":"HC 1011 \/ HC 1012 Ceinture Orthop\u00e9dique Chauffante - investmedic-store.com","robots":{"index":"index","follow":"follow","max-snippet":"max-snippet:-1","max-image-preview":"max-image-preview:large","max-video-preview":"max-video-preview:-1"},"canonical":"https:\/\/investmedic-store.com\/?product=ceinture-orthopedique-chauffante","og_locale":"fr_FR","og_type":"article","og_title":"HC 1011 \/ HC 1012 Ceinture Orthop\u00e9dique Chauffante - investmedic-store.com","og_description":"Ceinture de chaleur orthop\u00e9dique La chaleur humide augmente la circulation sanguine et acc\u00e9l\u00e8re la r\u00e9cup\u00e9ration en apportant des cellules sanguines fra\u00eeches et en \u00e9liminant les d\u00e9chets qui pourraient entraver la gu\u00e9rison.\u00a0La chaleur humide produite par cette ceinture transf\u00e8re la chaleur \u00e9lev\u00e9e plus profond\u00e9ment dans les tissus qu&#8217;une chaleur s\u00e8che ordinaire. (Pour une utilisation avec chaleur &hellip; HC 1011 \/ HC 1012 Ceinture Orthop\u00e9dique ChauffanteRead More","og_url":"https:\/\/investmedic-store.com\/?product=ceinture-orthopedique-chauffante","og_site_name":"investmedic-store.com","article_publisher":"https:\/\/www.facebook.com\/invest.medic","article_modified_time":"2025-08-18T11:10:47+00:00","og_image":[{"width":835,"height":830,"url":"http:\/\/investmedic-store.com\/wp-content\/uploads\/2023\/08\/Premium-Orthopedic-Heat-Belt.png","type":"image\/png"}],"twitter_card":"summary_large_image","twitter_misc":{"Dur\u00e9e de lecture estim\u00e9e":"1 minute"},"schema":{"@context":"https:\/\/schema.org","@graph":[{"@type":"WebPage","@id":"https:\/\/investmedic-store.com\/?product=ceinture-orthopedique-chauffante","url":"https:\/\/investmedic-store.com\/?product=ceinture-orthopedique-chauffante","name":"HC 1011 \/ HC 1012 Ceinture Orthop\u00e9dique Chauffante - investmedic-store.com","isPartOf":{"@id":"https:\/\/investmedic-store.com\/#website"},"datePublished":"2023-08-09T22:17:57+00:00","dateModified":"2025-08-18T11:10:47+00:00","breadcrumb":{"@id":"https:\/\/investmedic-store.com\/?product=ceinture-orthopedique-chauffante#breadcrumb"},"inLanguage":"fr-FR","potentialAction":[{"@type":"ReadAction","target":["https:\/\/investmedic-store.com\/?product=ceinture-orthopedique-chauffante"]}]},{"@type":"BreadcrumbList","@id":"https:\/\/investmedic-store.com\/?product=ceinture-orthopedique-chauffante#breadcrumb","itemListElement":[{"@type":"ListItem","position":1,"name":"Accueil","item":"https:\/\/investmedic-store.com\/"},{"@type":"ListItem","position":2,"name":"Shop","item":"https:\/\/investmedic-store.com\/?page_id=5"},{"@type":"ListItem","position":3,"name":"HC 1011 \/ HC 1012 Ceinture Orthop\u00e9dique Chauffante"}]},{"@type":"WebSite","@id":"https:\/\/investmedic-store.com\/#website","url":"https:\/\/investmedic-store.com\/","name":"invest medic store","description":"Importation &amp; Distribution Du Materiels Medico-Chirurgicales - \u0627\u0633\u062a\u064a\u0631\u0627\u062f \u0648\u062a\u0648\u0632\u064a\u0639 \u0627\u0644\u0645\u0648\u0627\u062f \u0627\u0644\u0637\u0628\u064a\u0629 \u0627\u0644\u062c\u0631\u0627\u062d\u064a\u0629","publisher":{"@id":"https:\/\/investmedic-store.com\/#organization"},"alternateName":"investmedic store","potentialAction":[{"@type":"SearchAction","target":{"@type":"EntryPoint","urlTemplate":"https:\/\/investmedic-store.com\/?s={search_term_string}"},"query-input":"required name=search_term_string"}],"inLanguage":"fr-FR"},{"@type":"Organization","@id":"https:\/\/investmedic-store.com\/#organization","name":"invest.medic store","alternateName":"investmedic store","url":"https:\/\/investmedic-store.com\/","logo":{"@type":"ImageObject","inLanguage":"fr-FR","@id":"https:\/\/investmedic-store.com\/#\/schema\/logo\/image\/","url":"https:\/\/investmedic-store.com\/wp-content\/uploads\/2023\/07\/cropped-LOGO_INVEST-transformed-removebg-preview-transformed-1-e1690120839263.png","contentUrl":"https:\/\/investmedic-store.com\/wp-content\/uploads\/2023\/07\/cropped-LOGO_INVEST-transformed-removebg-preview-transformed-1-e1690120839263.png","width":512,"height":512,"caption":"invest.medic store"},"image":{"@id":"https:\/\/investmedic-store.com\/#\/schema\/logo\/image\/"},"sameAs":["https:\/\/www.facebook.com\/invest.medic"]}]}},"_links":{"self":[{"href":"https:\/\/investmedic-store.com\/index.php?rest_route=\/wp\/v2\/product\/1467"}],"collection":[{"href":"https:\/\/investmedic-store.com\/index.php?rest_route=\/wp\/v2\/product"}],"about":[{"href":"https:\/\/investmedic-store.com\/index.php?rest_route=\/wp\/v2\/types\/product"}],"replies":[{"embeddable":true,"href":"https:\/\/investmedic-store.com\/index.php?rest_route=%2Fwp%2Fv2%2Fcomments&post=1467"}],"wp:featuredmedia":[{"embeddable":true,"href":"https:\/\/investmedic-store.com\/index.php?rest_route=\/wp\/v2\/media\/1470"}],"wp:attachment":[{"href":"https:\/\/investmedic-store.com\/index.php?rest_route=%2Fwp%2Fv2%2Fmedia&parent=1467"}],"wp:term":[{"taxonomy":"product_cat","embeddable":true,"href":"https:\/\/investmedic-store.com\/index.php?rest_route=%2Fwp%2Fv2%2Fproduct_cat&post=1467"},{"taxonomy":"product_tag","embeddable":true,"href":"https:\/\/investmedic-store.com\/index.php?rest_route=%2Fwp%2Fv2%2Fproduct_tag&post=1467"}],"curies":[{"name":"wp","href":"https:\/\/api.w.org\/{rel}","templated":true}]}}