{"id":1458,"date":"2023-08-09T22:54:23","date_gmt":"2023-08-09T21:54:23","guid":{"rendered":"https:\/\/investmedic-store.com\/?post_type=product&#038;p=1458"},"modified":"2026-04-19T16:11:04","modified_gmt":"2026-04-19T15:11:04","slug":"masque-chauffant-et-rafraichissant-pour-les-yeux","status":"publish","type":"product","link":"https:\/\/investmedic-store.com\/?product=masque-chauffant-et-rafraichissant-pour-les-yeux","title":{"rendered":"HC 1006 Masque Chauffant Et Rafra\u00eechissant Pour Les Yeux"},"content":{"rendered":"<h2>Masque Flamingo Hot n Cold Eyes<\/h2>\n<p>Favorise un sommeil r\u00e9parateur.\u00a0Aide \u00e0 soulager les c\u00e9phal\u00e9es de tension.\u00a0Facilite la fatigue du voyage.\u00a0Apaise la fatigue des yeux et des sinus<img decoding=\"async\" src=\"https:\/\/ascentmeditech.com\/wp-content\/uploads\/2016\/08\/HPR_FHCEM_01.png\" \/><\/p>\n<p>UTILISEZ COMME CHAUD<\/p>\n<p>: Facilite la congestion des sinus et aide \u00e0 soulager le rhume de la t\u00eate<br \/>\n<img decoding=\"async\" src=\"https:\/\/ascentmeditech.com\/wp-content\/uploads\/2016\/08\/HPR_FHCEM_02.png\" \/><\/p>\n<p>UTILISER COMME FROID<\/p>\n<p>: Soulage les yeux gonfl\u00e9s et les c\u00e9phal\u00e9es de tension<\/p>\n","protected":false},"excerpt":{"rendered":"<h2>Masque Flamingo Hot n Cold Eyes<\/h2>\n<p>Favorise un sommeil r\u00e9parateur.\u00a0Aide \u00e0 soulager les c\u00e9phal\u00e9es de tension.\u00a0Facilite la fatigue du voyage.\u00a0Apaise la fatigue des yeux et des sinus<img decoding=\"async\" src=\"https:\/\/ascentmeditech.com\/wp-content\/uploads\/2016\/08\/HPR_FHCEM_01.png\" \/><\/p>\n<p>UTILISEZ COMME CHAUD<\/p>\n<p>: Facilite la congestion des sinus et aide \u00e0 soulager le rhume de la t\u00eate<br \/>\n<img decoding=\"async\" src=\"https:\/\/ascentmeditech.com\/wp-content\/uploads\/2016\/08\/HPR_FHCEM_02.png\" \/><\/p>\n<p>UTILISER COMME FROID<\/p>\n<p>: Soulage les yeux gonfl\u00e9s et les c\u00e9phal\u00e9es de tension<\/p>\n","protected":false},"featured_media":1459,"comment_status":"open","ping_status":"closed","template":"","meta":{"om_disable_all_campaigns":false,"_joinchat":[]},"product_cat":[60,84],"product_tag":[],"yoast_head":"<!-- This site is optimized with the Yoast SEO plugin v20.12 - https:\/\/yoast.com\/wordpress\/plugins\/seo\/ -->\n<title>HC 1006 Masque Chauffant Et Rafra\u00eechissant Pour Les Yeux - investmedic-store.com<\/title>\n<meta name=\"robots\" content=\"index, follow, max-snippet:-1, max-image-preview:large, max-video-preview:-1\" \/>\n<link rel=\"canonical\" href=\"https:\/\/investmedic-store.com\/?product=masque-chauffant-et-rafraichissant-pour-les-yeux\" \/>\n<meta property=\"og:locale\" content=\"fr_FR\" \/>\n<meta property=\"og:type\" content=\"article\" \/>\n<meta property=\"og:title\" content=\"HC 1006 Masque Chauffant Et Rafra\u00eechissant Pour Les Yeux - investmedic-store.com\" \/>\n<meta property=\"og:description\" content=\"Masque Flamingo Hot n Cold Eyes Favorise un sommeil r\u00e9parateur.\u00a0Aide \u00e0 soulager les c\u00e9phal\u00e9es de tension.\u00a0Facilite la fatigue du voyage.\u00a0Apaise la fatigue des yeux et des sinus  UTILISEZ COMME CHAUD  : Facilite la congestion des sinus et aide \u00e0 soulager le rhume de la t\u00eate   UTILISER COMME FROID  : Soulage les yeux gonfl\u00e9s et les c\u00e9phal\u00e9es de tension\" \/>\n<meta property=\"og:url\" content=\"https:\/\/investmedic-store.com\/?product=masque-chauffant-et-rafraichissant-pour-les-yeux\" \/>\n<meta property=\"og:site_name\" content=\"investmedic-store.com\" \/>\n<meta property=\"article:publisher\" content=\"https:\/\/www.facebook.com\/invest.medic\" \/>\n<meta property=\"article:modified_time\" content=\"2026-04-19T15:11:04+00:00\" \/>\n<meta property=\"og:image\" content=\"http:\/\/investmedic-store.com\/wp-content\/uploads\/2023\/08\/Flamingo-Hot-n-Cold-Eyes-Mask.png\" \/>\n\t<meta property=\"og:image:width\" content=\"618\" \/>\n\t<meta property=\"og:image:height\" content=\"697\" \/>\n\t<meta property=\"og:image:type\" content=\"image\/png\" \/>\n<meta name=\"twitter:card\" content=\"summary_large_image\" \/>\n<meta name=\"twitter:label1\" content=\"Dur\u00e9e de lecture estim\u00e9e\" \/>\n\t<meta name=\"twitter:data1\" content=\"1 minute\" \/>\n<script type=\"application\/ld+json\" class=\"yoast-schema-graph\">{\"@context\":\"https:\/\/schema.org\",\"@graph\":[{\"@type\":\"WebPage\",\"@id\":\"https:\/\/investmedic-store.com\/?product=masque-chauffant-et-rafraichissant-pour-les-yeux\",\"url\":\"https:\/\/investmedic-store.com\/?product=masque-chauffant-et-rafraichissant-pour-les-yeux\",\"name\":\"HC 1006 Masque Chauffant Et Rafra\u00eechissant Pour Les Yeux - investmedic-store.com\",\"isPartOf\":{\"@id\":\"https:\/\/investmedic-store.com\/#website\"},\"datePublished\":\"2023-08-09T21:54:23+00:00\",\"dateModified\":\"2026-04-19T15:11:04+00:00\",\"breadcrumb\":{\"@id\":\"https:\/\/investmedic-store.com\/?product=masque-chauffant-et-rafraichissant-pour-les-yeux#breadcrumb\"},\"inLanguage\":\"fr-FR\",\"potentialAction\":[{\"@type\":\"ReadAction\",\"target\":[\"https:\/\/investmedic-store.com\/?product=masque-chauffant-et-rafraichissant-pour-les-yeux\"]}]},{\"@type\":\"BreadcrumbList\",\"@id\":\"https:\/\/investmedic-store.com\/?product=masque-chauffant-et-rafraichissant-pour-les-yeux#breadcrumb\",\"itemListElement\":[{\"@type\":\"ListItem\",\"position\":1,\"name\":\"Accueil\",\"item\":\"https:\/\/investmedic-store.com\/\"},{\"@type\":\"ListItem\",\"position\":2,\"name\":\"Shop\",\"item\":\"https:\/\/investmedic-store.com\/?page_id=5\"},{\"@type\":\"ListItem\",\"position\":3,\"name\":\"HC 1006 Masque Chauffant Et Rafra\u00eechissant Pour Les Yeux\"}]},{\"@type\":\"WebSite\",\"@id\":\"https:\/\/investmedic-store.com\/#website\",\"url\":\"https:\/\/investmedic-store.com\/\",\"name\":\"invest medic store\",\"description\":\"Importation &amp; Distribution Du Materiels Medico-Chirurgicales - \u0627\u0633\u062a\u064a\u0631\u0627\u062f \u0648\u062a\u0648\u0632\u064a\u0639 \u0627\u0644\u0645\u0648\u0627\u062f \u0627\u0644\u0637\u0628\u064a\u0629 \u0627\u0644\u062c\u0631\u0627\u062d\u064a\u0629\",\"publisher\":{\"@id\":\"https:\/\/investmedic-store.com\/#organization\"},\"alternateName\":\"investmedic store\",\"potentialAction\":[{\"@type\":\"SearchAction\",\"target\":{\"@type\":\"EntryPoint\",\"urlTemplate\":\"https:\/\/investmedic-store.com\/?s={search_term_string}\"},\"query-input\":\"required name=search_term_string\"}],\"inLanguage\":\"fr-FR\"},{\"@type\":\"Organization\",\"@id\":\"https:\/\/investmedic-store.com\/#organization\",\"name\":\"invest.medic store\",\"alternateName\":\"investmedic store\",\"url\":\"https:\/\/investmedic-store.com\/\",\"logo\":{\"@type\":\"ImageObject\",\"inLanguage\":\"fr-FR\",\"@id\":\"https:\/\/investmedic-store.com\/#\/schema\/logo\/image\/\",\"url\":\"https:\/\/investmedic-store.com\/wp-content\/uploads\/2023\/07\/cropped-LOGO_INVEST-transformed-removebg-preview-transformed-1-e1690120839263.png\",\"contentUrl\":\"https:\/\/investmedic-store.com\/wp-content\/uploads\/2023\/07\/cropped-LOGO_INVEST-transformed-removebg-preview-transformed-1-e1690120839263.png\",\"width\":512,\"height\":512,\"caption\":\"invest.medic store\"},\"image\":{\"@id\":\"https:\/\/investmedic-store.com\/#\/schema\/logo\/image\/\"},\"sameAs\":[\"https:\/\/www.facebook.com\/invest.medic\"]}]}<\/script>\n<!-- \/ Yoast SEO plugin. -->","yoast_head_json":{"title":"HC 1006 Masque Chauffant Et Rafra\u00eechissant Pour Les Yeux - investmedic-store.com","robots":{"index":"index","follow":"follow","max-snippet":"max-snippet:-1","max-image-preview":"max-image-preview:large","max-video-preview":"max-video-preview:-1"},"canonical":"https:\/\/investmedic-store.com\/?product=masque-chauffant-et-rafraichissant-pour-les-yeux","og_locale":"fr_FR","og_type":"article","og_title":"HC 1006 Masque Chauffant Et Rafra\u00eechissant Pour Les Yeux - investmedic-store.com","og_description":"Masque Flamingo Hot n Cold Eyes Favorise un sommeil r\u00e9parateur.\u00a0Aide \u00e0 soulager les c\u00e9phal\u00e9es de tension.\u00a0Facilite la fatigue du voyage.\u00a0Apaise la fatigue des yeux et des sinus  UTILISEZ COMME CHAUD  : Facilite la congestion des sinus et aide \u00e0 soulager le rhume de la t\u00eate   UTILISER COMME FROID  : Soulage les yeux gonfl\u00e9s et les c\u00e9phal\u00e9es de tension","og_url":"https:\/\/investmedic-store.com\/?product=masque-chauffant-et-rafraichissant-pour-les-yeux","og_site_name":"investmedic-store.com","article_publisher":"https:\/\/www.facebook.com\/invest.medic","article_modified_time":"2026-04-19T15:11:04+00:00","og_image":[{"width":618,"height":697,"url":"http:\/\/investmedic-store.com\/wp-content\/uploads\/2023\/08\/Flamingo-Hot-n-Cold-Eyes-Mask.png","type":"image\/png"}],"twitter_card":"summary_large_image","twitter_misc":{"Dur\u00e9e de lecture estim\u00e9e":"1 minute"},"schema":{"@context":"https:\/\/schema.org","@graph":[{"@type":"WebPage","@id":"https:\/\/investmedic-store.com\/?product=masque-chauffant-et-rafraichissant-pour-les-yeux","url":"https:\/\/investmedic-store.com\/?product=masque-chauffant-et-rafraichissant-pour-les-yeux","name":"HC 1006 Masque Chauffant Et Rafra\u00eechissant Pour Les Yeux - investmedic-store.com","isPartOf":{"@id":"https:\/\/investmedic-store.com\/#website"},"datePublished":"2023-08-09T21:54:23+00:00","dateModified":"2026-04-19T15:11:04+00:00","breadcrumb":{"@id":"https:\/\/investmedic-store.com\/?product=masque-chauffant-et-rafraichissant-pour-les-yeux#breadcrumb"},"inLanguage":"fr-FR","potentialAction":[{"@type":"ReadAction","target":["https:\/\/investmedic-store.com\/?product=masque-chauffant-et-rafraichissant-pour-les-yeux"]}]},{"@type":"BreadcrumbList","@id":"https:\/\/investmedic-store.com\/?product=masque-chauffant-et-rafraichissant-pour-les-yeux#breadcrumb","itemListElement":[{"@type":"ListItem","position":1,"name":"Accueil","item":"https:\/\/investmedic-store.com\/"},{"@type":"ListItem","position":2,"name":"Shop","item":"https:\/\/investmedic-store.com\/?page_id=5"},{"@type":"ListItem","position":3,"name":"HC 1006 Masque Chauffant Et Rafra\u00eechissant Pour Les Yeux"}]},{"@type":"WebSite","@id":"https:\/\/investmedic-store.com\/#website","url":"https:\/\/investmedic-store.com\/","name":"invest medic store","description":"Importation &amp; Distribution Du Materiels Medico-Chirurgicales - \u0627\u0633\u062a\u064a\u0631\u0627\u062f \u0648\u062a\u0648\u0632\u064a\u0639 \u0627\u0644\u0645\u0648\u0627\u062f \u0627\u0644\u0637\u0628\u064a\u0629 \u0627\u0644\u062c\u0631\u0627\u062d\u064a\u0629","publisher":{"@id":"https:\/\/investmedic-store.com\/#organization"},"alternateName":"investmedic store","potentialAction":[{"@type":"SearchAction","target":{"@type":"EntryPoint","urlTemplate":"https:\/\/investmedic-store.com\/?s={search_term_string}"},"query-input":"required name=search_term_string"}],"inLanguage":"fr-FR"},{"@type":"Organization","@id":"https:\/\/investmedic-store.com\/#organization","name":"invest.medic store","alternateName":"investmedic store","url":"https:\/\/investmedic-store.com\/","logo":{"@type":"ImageObject","inLanguage":"fr-FR","@id":"https:\/\/investmedic-store.com\/#\/schema\/logo\/image\/","url":"https:\/\/investmedic-store.com\/wp-content\/uploads\/2023\/07\/cropped-LOGO_INVEST-transformed-removebg-preview-transformed-1-e1690120839263.png","contentUrl":"https:\/\/investmedic-store.com\/wp-content\/uploads\/2023\/07\/cropped-LOGO_INVEST-transformed-removebg-preview-transformed-1-e1690120839263.png","width":512,"height":512,"caption":"invest.medic store"},"image":{"@id":"https:\/\/investmedic-store.com\/#\/schema\/logo\/image\/"},"sameAs":["https:\/\/www.facebook.com\/invest.medic"]}]}},"_links":{"self":[{"href":"https:\/\/investmedic-store.com\/index.php?rest_route=\/wp\/v2\/product\/1458"}],"collection":[{"href":"https:\/\/investmedic-store.com\/index.php?rest_route=\/wp\/v2\/product"}],"about":[{"href":"https:\/\/investmedic-store.com\/index.php?rest_route=\/wp\/v2\/types\/product"}],"replies":[{"embeddable":true,"href":"https:\/\/investmedic-store.com\/index.php?rest_route=%2Fwp%2Fv2%2Fcomments&post=1458"}],"wp:featuredmedia":[{"embeddable":true,"href":"https:\/\/investmedic-store.com\/index.php?rest_route=\/wp\/v2\/media\/1459"}],"wp:attachment":[{"href":"https:\/\/investmedic-store.com\/index.php?rest_route=%2Fwp%2Fv2%2Fmedia&parent=1458"}],"wp:term":[{"taxonomy":"product_cat","embeddable":true,"href":"https:\/\/investmedic-store.com\/index.php?rest_route=%2Fwp%2Fv2%2Fproduct_cat&post=1458"},{"taxonomy":"product_tag","embeddable":true,"href":"https:\/\/investmedic-store.com\/index.php?rest_route=%2Fwp%2Fv2%2Fproduct_tag&post=1458"}],"curies":[{"name":"wp","href":"https:\/\/api.w.org\/{rel}","templated":true}]}}