{"id":1425,"date":"2023-08-09T17:19:48","date_gmt":"2023-08-09T16:19:48","guid":{"rendered":"https:\/\/investmedic-store.com\/?post_type=product&#038;p=1425"},"modified":"2025-08-23T13:55:01","modified_gmt":"2025-08-23T12:55:01","slug":"poulie-de-traction","status":"publish","type":"product","link":"https:\/\/investmedic-store.com\/?product=poulie-de-traction","title":{"rendered":"OC 2151 Poulie De Traction"},"content":{"rendered":"<h2>Poulie de traction<\/h2>\n<p>La poulie de traction est utile pour le traitement de la traction \u00e0 domicile et \u00e0 l\u2019h\u00f4pital sous la forme de la traction horizontale du lit de la r\u00e9gion peau, cheville et pied et de la traction verticale de la r\u00e9gion cervicale et lombaire.\u00a0Fabriqu\u00e9 avec un cadre en m\u00e9tal enduit de poudre et une poulie en plastique d&#8217;ing\u00e9nierie.\u00a0<strong>Utilisation:\u00a0Traction cervicale \/ Traction pelvienne \/ Traction adh\u00e9sive peau-pied<\/strong><\/p>\n","protected":false},"excerpt":{"rendered":"<h2>Poulie de traction<\/h2>\n<p>La poulie de traction est utile pour le traitement de la traction \u00e0 domicile et \u00e0 l\u2019h\u00f4pital sous la forme de la traction horizontale du lit de la r\u00e9gion peau, cheville et pied et de la traction verticale de la r\u00e9gion cervicale et lombaire.\u00a0Fabriqu\u00e9 avec un cadre en m\u00e9tal enduit de poudre et une poulie en plastique d&#8217;ing\u00e9nierie.\u00a0<strong>Utilisation:\u00a0Traction cervicale \/ Traction pelvienne \/ Traction adh\u00e9sive peau-pied<\/strong><\/p>\n","protected":false},"featured_media":1426,"comment_status":"open","ping_status":"closed","template":"","meta":{"om_disable_all_campaigns":false,"_joinchat":[]},"product_cat":[76,60],"product_tag":[],"yoast_head":"<!-- This site is optimized with the Yoast SEO plugin v20.12 - https:\/\/yoast.com\/wordpress\/plugins\/seo\/ -->\n<title>OC 2151 Poulie De Traction - investmedic-store.com<\/title>\n<meta name=\"robots\" content=\"index, follow, max-snippet:-1, max-image-preview:large, max-video-preview:-1\" \/>\n<link rel=\"canonical\" href=\"https:\/\/investmedic-store.com\/?product=poulie-de-traction\" \/>\n<meta property=\"og:locale\" content=\"fr_FR\" \/>\n<meta property=\"og:type\" content=\"article\" \/>\n<meta property=\"og:title\" content=\"OC 2151 Poulie De Traction - investmedic-store.com\" \/>\n<meta property=\"og:description\" content=\"Poulie de traction La poulie de traction est utile pour le traitement de la traction \u00e0 domicile et \u00e0 l\u2019h\u00f4pital sous la forme de la traction horizontale du lit de la r\u00e9gion peau, cheville et pied et de la traction verticale de la r\u00e9gion cervicale et lombaire.\u00a0Fabriqu\u00e9 avec un cadre en m\u00e9tal enduit de poudre et une poulie en plastique d&#039;ing\u00e9nierie.\u00a0Utilisation:\u00a0Traction cervicale \/ Traction pelvienne \/ Traction adh\u00e9sive peau-pied\" \/>\n<meta property=\"og:url\" content=\"https:\/\/investmedic-store.com\/?product=poulie-de-traction\" \/>\n<meta property=\"og:site_name\" content=\"investmedic-store.com\" \/>\n<meta property=\"article:publisher\" content=\"https:\/\/www.facebook.com\/invest.medic\" \/>\n<meta property=\"article:modified_time\" content=\"2025-08-23T12:55:01+00:00\" \/>\n<meta property=\"og:image\" content=\"http:\/\/investmedic-store.com\/wp-content\/uploads\/2023\/08\/Traction-Pulley.png\" \/>\n\t<meta property=\"og:image:width\" content=\"600\" \/>\n\t<meta property=\"og:image:height\" content=\"715\" \/>\n\t<meta property=\"og:image:type\" content=\"image\/png\" \/>\n<meta name=\"twitter:card\" content=\"summary_large_image\" \/>\n<meta name=\"twitter:label1\" content=\"Dur\u00e9e de lecture estim\u00e9e\" \/>\n\t<meta name=\"twitter:data1\" content=\"1 minute\" \/>\n<script type=\"application\/ld+json\" class=\"yoast-schema-graph\">{\"@context\":\"https:\/\/schema.org\",\"@graph\":[{\"@type\":\"WebPage\",\"@id\":\"https:\/\/investmedic-store.com\/?product=poulie-de-traction\",\"url\":\"https:\/\/investmedic-store.com\/?product=poulie-de-traction\",\"name\":\"OC 2151 Poulie De Traction - investmedic-store.com\",\"isPartOf\":{\"@id\":\"https:\/\/investmedic-store.com\/#website\"},\"datePublished\":\"2023-08-09T16:19:48+00:00\",\"dateModified\":\"2025-08-23T12:55:01+00:00\",\"breadcrumb\":{\"@id\":\"https:\/\/investmedic-store.com\/?product=poulie-de-traction#breadcrumb\"},\"inLanguage\":\"fr-FR\",\"potentialAction\":[{\"@type\":\"ReadAction\",\"target\":[\"https:\/\/investmedic-store.com\/?product=poulie-de-traction\"]}]},{\"@type\":\"BreadcrumbList\",\"@id\":\"https:\/\/investmedic-store.com\/?product=poulie-de-traction#breadcrumb\",\"itemListElement\":[{\"@type\":\"ListItem\",\"position\":1,\"name\":\"Accueil\",\"item\":\"https:\/\/investmedic-store.com\/\"},{\"@type\":\"ListItem\",\"position\":2,\"name\":\"Shop\",\"item\":\"https:\/\/investmedic-store.com\/?page_id=5\"},{\"@type\":\"ListItem\",\"position\":3,\"name\":\"OC 2151 Poulie De Traction\"}]},{\"@type\":\"WebSite\",\"@id\":\"https:\/\/investmedic-store.com\/#website\",\"url\":\"https:\/\/investmedic-store.com\/\",\"name\":\"invest medic store\",\"description\":\"Importation &amp; Distribution Du Materiels Medico-Chirurgicales - \u0627\u0633\u062a\u064a\u0631\u0627\u062f \u0648\u062a\u0648\u0632\u064a\u0639 \u0627\u0644\u0645\u0648\u0627\u062f \u0627\u0644\u0637\u0628\u064a\u0629 \u0627\u0644\u062c\u0631\u0627\u062d\u064a\u0629\",\"publisher\":{\"@id\":\"https:\/\/investmedic-store.com\/#organization\"},\"alternateName\":\"investmedic store\",\"potentialAction\":[{\"@type\":\"SearchAction\",\"target\":{\"@type\":\"EntryPoint\",\"urlTemplate\":\"https:\/\/investmedic-store.com\/?s={search_term_string}\"},\"query-input\":\"required name=search_term_string\"}],\"inLanguage\":\"fr-FR\"},{\"@type\":\"Organization\",\"@id\":\"https:\/\/investmedic-store.com\/#organization\",\"name\":\"invest.medic store\",\"alternateName\":\"investmedic store\",\"url\":\"https:\/\/investmedic-store.com\/\",\"logo\":{\"@type\":\"ImageObject\",\"inLanguage\":\"fr-FR\",\"@id\":\"https:\/\/investmedic-store.com\/#\/schema\/logo\/image\/\",\"url\":\"https:\/\/investmedic-store.com\/wp-content\/uploads\/2023\/07\/cropped-LOGO_INVEST-transformed-removebg-preview-transformed-1-e1690120839263.png\",\"contentUrl\":\"https:\/\/investmedic-store.com\/wp-content\/uploads\/2023\/07\/cropped-LOGO_INVEST-transformed-removebg-preview-transformed-1-e1690120839263.png\",\"width\":512,\"height\":512,\"caption\":\"invest.medic store\"},\"image\":{\"@id\":\"https:\/\/investmedic-store.com\/#\/schema\/logo\/image\/\"},\"sameAs\":[\"https:\/\/www.facebook.com\/invest.medic\"]}]}<\/script>\n<!-- \/ Yoast SEO plugin. -->","yoast_head_json":{"title":"OC 2151 Poulie De Traction - investmedic-store.com","robots":{"index":"index","follow":"follow","max-snippet":"max-snippet:-1","max-image-preview":"max-image-preview:large","max-video-preview":"max-video-preview:-1"},"canonical":"https:\/\/investmedic-store.com\/?product=poulie-de-traction","og_locale":"fr_FR","og_type":"article","og_title":"OC 2151 Poulie De Traction - investmedic-store.com","og_description":"Poulie de traction La poulie de traction est utile pour le traitement de la traction \u00e0 domicile et \u00e0 l\u2019h\u00f4pital sous la forme de la traction horizontale du lit de la r\u00e9gion peau, cheville et pied et de la traction verticale de la r\u00e9gion cervicale et lombaire.\u00a0Fabriqu\u00e9 avec un cadre en m\u00e9tal enduit de poudre et une poulie en plastique d'ing\u00e9nierie.\u00a0Utilisation:\u00a0Traction cervicale \/ Traction pelvienne \/ Traction adh\u00e9sive peau-pied","og_url":"https:\/\/investmedic-store.com\/?product=poulie-de-traction","og_site_name":"investmedic-store.com","article_publisher":"https:\/\/www.facebook.com\/invest.medic","article_modified_time":"2025-08-23T12:55:01+00:00","og_image":[{"width":600,"height":715,"url":"http:\/\/investmedic-store.com\/wp-content\/uploads\/2023\/08\/Traction-Pulley.png","type":"image\/png"}],"twitter_card":"summary_large_image","twitter_misc":{"Dur\u00e9e de lecture estim\u00e9e":"1 minute"},"schema":{"@context":"https:\/\/schema.org","@graph":[{"@type":"WebPage","@id":"https:\/\/investmedic-store.com\/?product=poulie-de-traction","url":"https:\/\/investmedic-store.com\/?product=poulie-de-traction","name":"OC 2151 Poulie De Traction - investmedic-store.com","isPartOf":{"@id":"https:\/\/investmedic-store.com\/#website"},"datePublished":"2023-08-09T16:19:48+00:00","dateModified":"2025-08-23T12:55:01+00:00","breadcrumb":{"@id":"https:\/\/investmedic-store.com\/?product=poulie-de-traction#breadcrumb"},"inLanguage":"fr-FR","potentialAction":[{"@type":"ReadAction","target":["https:\/\/investmedic-store.com\/?product=poulie-de-traction"]}]},{"@type":"BreadcrumbList","@id":"https:\/\/investmedic-store.com\/?product=poulie-de-traction#breadcrumb","itemListElement":[{"@type":"ListItem","position":1,"name":"Accueil","item":"https:\/\/investmedic-store.com\/"},{"@type":"ListItem","position":2,"name":"Shop","item":"https:\/\/investmedic-store.com\/?page_id=5"},{"@type":"ListItem","position":3,"name":"OC 2151 Poulie De Traction"}]},{"@type":"WebSite","@id":"https:\/\/investmedic-store.com\/#website","url":"https:\/\/investmedic-store.com\/","name":"invest medic store","description":"Importation &amp; Distribution Du Materiels Medico-Chirurgicales - \u0627\u0633\u062a\u064a\u0631\u0627\u062f \u0648\u062a\u0648\u0632\u064a\u0639 \u0627\u0644\u0645\u0648\u0627\u062f \u0627\u0644\u0637\u0628\u064a\u0629 \u0627\u0644\u062c\u0631\u0627\u062d\u064a\u0629","publisher":{"@id":"https:\/\/investmedic-store.com\/#organization"},"alternateName":"investmedic store","potentialAction":[{"@type":"SearchAction","target":{"@type":"EntryPoint","urlTemplate":"https:\/\/investmedic-store.com\/?s={search_term_string}"},"query-input":"required name=search_term_string"}],"inLanguage":"fr-FR"},{"@type":"Organization","@id":"https:\/\/investmedic-store.com\/#organization","name":"invest.medic store","alternateName":"investmedic store","url":"https:\/\/investmedic-store.com\/","logo":{"@type":"ImageObject","inLanguage":"fr-FR","@id":"https:\/\/investmedic-store.com\/#\/schema\/logo\/image\/","url":"https:\/\/investmedic-store.com\/wp-content\/uploads\/2023\/07\/cropped-LOGO_INVEST-transformed-removebg-preview-transformed-1-e1690120839263.png","contentUrl":"https:\/\/investmedic-store.com\/wp-content\/uploads\/2023\/07\/cropped-LOGO_INVEST-transformed-removebg-preview-transformed-1-e1690120839263.png","width":512,"height":512,"caption":"invest.medic store"},"image":{"@id":"https:\/\/investmedic-store.com\/#\/schema\/logo\/image\/"},"sameAs":["https:\/\/www.facebook.com\/invest.medic"]}]}},"_links":{"self":[{"href":"https:\/\/investmedic-store.com\/index.php?rest_route=\/wp\/v2\/product\/1425"}],"collection":[{"href":"https:\/\/investmedic-store.com\/index.php?rest_route=\/wp\/v2\/product"}],"about":[{"href":"https:\/\/investmedic-store.com\/index.php?rest_route=\/wp\/v2\/types\/product"}],"replies":[{"embeddable":true,"href":"https:\/\/investmedic-store.com\/index.php?rest_route=%2Fwp%2Fv2%2Fcomments&post=1425"}],"wp:featuredmedia":[{"embeddable":true,"href":"https:\/\/investmedic-store.com\/index.php?rest_route=\/wp\/v2\/media\/1426"}],"wp:attachment":[{"href":"https:\/\/investmedic-store.com\/index.php?rest_route=%2Fwp%2Fv2%2Fmedia&parent=1425"}],"wp:term":[{"taxonomy":"product_cat","embeddable":true,"href":"https:\/\/investmedic-store.com\/index.php?rest_route=%2Fwp%2Fv2%2Fproduct_cat&post=1425"},{"taxonomy":"product_tag","embeddable":true,"href":"https:\/\/investmedic-store.com\/index.php?rest_route=%2Fwp%2Fv2%2Fproduct_tag&post=1425"}],"curies":[{"name":"wp","href":"https:\/\/api.w.org\/{rel}","templated":true}]}}