{"id":1403,"date":"2023-08-09T16:18:54","date_gmt":"2023-08-09T15:18:54","guid":{"rendered":"https:\/\/investmedic-store.com\/?post_type=product&#038;p=1403"},"modified":"2025-08-18T11:27:40","modified_gmt":"2025-08-18T10:27:40","slug":"dossier-memory-ajustable-avec-support","status":"publish","type":"product","link":"https:\/\/investmedic-store.com\/?product=dossier-memory-ajustable-avec-support","title":{"rendered":"OC 2230 Dossier Memory Ajustable Avec Support"},"content":{"rendered":"<h2>Dossier en mousse visco\u00e9lastique (avec pied r\u00e9glable en hauteur)<\/h2>\n<p>La mousse \u00e0 haute densit\u00e9, sensible \u00e0 la temp\u00e9rature et \u00e0 la pression, \u00e9pouse parfaitement la forme du corps. La mousse \u00e0 m\u00e9moire de forme dissipe la pression pour un confort maximal. Son dossier s&#8217;adapte facilement \u00e0 la plupart des dossiers et permet ainsi un ajustement universel du dossier.<\/p>\n","protected":false},"excerpt":{"rendered":"<h2>Dossier en mousse visco\u00e9lastique (avec pied r\u00e9glable en hauteur)<\/h2>\n<p>La mousse \u00e0 haute densit\u00e9, sensible \u00e0 la temp\u00e9rature et \u00e0 la pression, \u00e9pouse parfaitement la forme du corps. La mousse \u00e0 m\u00e9moire de forme dissipe la pression pour un confort maximal. Son dossier s&#8217;adapte facilement \u00e0 la plupart des dossiers et permet ainsi un ajustement universel du dossier.<\/p>\n","protected":false},"featured_media":1404,"comment_status":"open","ping_status":"closed","template":"","meta":{"om_disable_all_campaigns":false,"_joinchat":[]},"product_cat":[73,60],"product_tag":[],"yoast_head":"<!-- This site is optimized with the Yoast SEO plugin v20.12 - https:\/\/yoast.com\/wordpress\/plugins\/seo\/ -->\n<title>OC 2230 Dossier Memory Ajustable Avec Support - investmedic-store.com<\/title>\n<meta name=\"robots\" content=\"index, follow, max-snippet:-1, max-image-preview:large, max-video-preview:-1\" \/>\n<link rel=\"canonical\" href=\"https:\/\/investmedic-store.com\/?product=dossier-memory-ajustable-avec-support\" \/>\n<meta property=\"og:locale\" content=\"fr_FR\" \/>\n<meta property=\"og:type\" content=\"article\" \/>\n<meta property=\"og:title\" content=\"OC 2230 Dossier Memory Ajustable Avec Support - investmedic-store.com\" \/>\n<meta property=\"og:description\" content=\"Dossier en mousse visco\u00e9lastique (avec pied r\u00e9glable en hauteur) La mousse \u00e0 haute densit\u00e9, sensible \u00e0 la temp\u00e9rature et \u00e0 la pression, \u00e9pouse parfaitement la forme du corps. La mousse \u00e0 m\u00e9moire de forme dissipe la pression pour un confort maximal. Son dossier s&#039;adapte facilement \u00e0 la plupart des dossiers et permet ainsi un ajustement universel du dossier.\" \/>\n<meta property=\"og:url\" content=\"https:\/\/investmedic-store.com\/?product=dossier-memory-ajustable-avec-support\" \/>\n<meta property=\"og:site_name\" content=\"investmedic-store.com\" \/>\n<meta property=\"article:publisher\" content=\"https:\/\/www.facebook.com\/invest.medic\" \/>\n<meta property=\"article:modified_time\" content=\"2025-08-18T10:27:40+00:00\" \/>\n<meta property=\"og:image\" content=\"http:\/\/investmedic-store.com\/wp-content\/uploads\/2023\/08\/Memory-Foam-Back-Rest-With-Height-adjustable-Stand.png\" \/>\n\t<meta property=\"og:image:width\" content=\"601\" \/>\n\t<meta property=\"og:image:height\" content=\"785\" \/>\n\t<meta property=\"og:image:type\" content=\"image\/png\" \/>\n<meta name=\"twitter:card\" content=\"summary_large_image\" \/>\n<meta name=\"twitter:label1\" content=\"Dur\u00e9e de lecture estim\u00e9e\" \/>\n\t<meta name=\"twitter:data1\" content=\"1 minute\" \/>\n<script type=\"application\/ld+json\" class=\"yoast-schema-graph\">{\"@context\":\"https:\/\/schema.org\",\"@graph\":[{\"@type\":\"WebPage\",\"@id\":\"https:\/\/investmedic-store.com\/?product=dossier-memory-ajustable-avec-support\",\"url\":\"https:\/\/investmedic-store.com\/?product=dossier-memory-ajustable-avec-support\",\"name\":\"OC 2230 Dossier Memory Ajustable Avec Support - investmedic-store.com\",\"isPartOf\":{\"@id\":\"https:\/\/investmedic-store.com\/#website\"},\"datePublished\":\"2023-08-09T15:18:54+00:00\",\"dateModified\":\"2025-08-18T10:27:40+00:00\",\"breadcrumb\":{\"@id\":\"https:\/\/investmedic-store.com\/?product=dossier-memory-ajustable-avec-support#breadcrumb\"},\"inLanguage\":\"fr-FR\",\"potentialAction\":[{\"@type\":\"ReadAction\",\"target\":[\"https:\/\/investmedic-store.com\/?product=dossier-memory-ajustable-avec-support\"]}]},{\"@type\":\"BreadcrumbList\",\"@id\":\"https:\/\/investmedic-store.com\/?product=dossier-memory-ajustable-avec-support#breadcrumb\",\"itemListElement\":[{\"@type\":\"ListItem\",\"position\":1,\"name\":\"Accueil\",\"item\":\"https:\/\/investmedic-store.com\/\"},{\"@type\":\"ListItem\",\"position\":2,\"name\":\"Shop\",\"item\":\"https:\/\/investmedic-store.com\/?page_id=5\"},{\"@type\":\"ListItem\",\"position\":3,\"name\":\"OC 2230 Dossier Memory Ajustable Avec Support\"}]},{\"@type\":\"WebSite\",\"@id\":\"https:\/\/investmedic-store.com\/#website\",\"url\":\"https:\/\/investmedic-store.com\/\",\"name\":\"invest medic store\",\"description\":\"Importation &amp; Distribution Du Materiels Medico-Chirurgicales - \u0627\u0633\u062a\u064a\u0631\u0627\u062f \u0648\u062a\u0648\u0632\u064a\u0639 \u0627\u0644\u0645\u0648\u0627\u062f \u0627\u0644\u0637\u0628\u064a\u0629 \u0627\u0644\u062c\u0631\u0627\u062d\u064a\u0629\",\"publisher\":{\"@id\":\"https:\/\/investmedic-store.com\/#organization\"},\"alternateName\":\"investmedic store\",\"potentialAction\":[{\"@type\":\"SearchAction\",\"target\":{\"@type\":\"EntryPoint\",\"urlTemplate\":\"https:\/\/investmedic-store.com\/?s={search_term_string}\"},\"query-input\":\"required name=search_term_string\"}],\"inLanguage\":\"fr-FR\"},{\"@type\":\"Organization\",\"@id\":\"https:\/\/investmedic-store.com\/#organization\",\"name\":\"invest.medic store\",\"alternateName\":\"investmedic store\",\"url\":\"https:\/\/investmedic-store.com\/\",\"logo\":{\"@type\":\"ImageObject\",\"inLanguage\":\"fr-FR\",\"@id\":\"https:\/\/investmedic-store.com\/#\/schema\/logo\/image\/\",\"url\":\"https:\/\/investmedic-store.com\/wp-content\/uploads\/2023\/07\/cropped-LOGO_INVEST-transformed-removebg-preview-transformed-1-e1690120839263.png\",\"contentUrl\":\"https:\/\/investmedic-store.com\/wp-content\/uploads\/2023\/07\/cropped-LOGO_INVEST-transformed-removebg-preview-transformed-1-e1690120839263.png\",\"width\":512,\"height\":512,\"caption\":\"invest.medic store\"},\"image\":{\"@id\":\"https:\/\/investmedic-store.com\/#\/schema\/logo\/image\/\"},\"sameAs\":[\"https:\/\/www.facebook.com\/invest.medic\"]}]}<\/script>\n<!-- \/ Yoast SEO plugin. -->","yoast_head_json":{"title":"OC 2230 Dossier Memory Ajustable Avec Support - investmedic-store.com","robots":{"index":"index","follow":"follow","max-snippet":"max-snippet:-1","max-image-preview":"max-image-preview:large","max-video-preview":"max-video-preview:-1"},"canonical":"https:\/\/investmedic-store.com\/?product=dossier-memory-ajustable-avec-support","og_locale":"fr_FR","og_type":"article","og_title":"OC 2230 Dossier Memory Ajustable Avec Support - investmedic-store.com","og_description":"Dossier en mousse visco\u00e9lastique (avec pied r\u00e9glable en hauteur) La mousse \u00e0 haute densit\u00e9, sensible \u00e0 la temp\u00e9rature et \u00e0 la pression, \u00e9pouse parfaitement la forme du corps. La mousse \u00e0 m\u00e9moire de forme dissipe la pression pour un confort maximal. Son dossier s'adapte facilement \u00e0 la plupart des dossiers et permet ainsi un ajustement universel du dossier.","og_url":"https:\/\/investmedic-store.com\/?product=dossier-memory-ajustable-avec-support","og_site_name":"investmedic-store.com","article_publisher":"https:\/\/www.facebook.com\/invest.medic","article_modified_time":"2025-08-18T10:27:40+00:00","og_image":[{"width":601,"height":785,"url":"http:\/\/investmedic-store.com\/wp-content\/uploads\/2023\/08\/Memory-Foam-Back-Rest-With-Height-adjustable-Stand.png","type":"image\/png"}],"twitter_card":"summary_large_image","twitter_misc":{"Dur\u00e9e de lecture estim\u00e9e":"1 minute"},"schema":{"@context":"https:\/\/schema.org","@graph":[{"@type":"WebPage","@id":"https:\/\/investmedic-store.com\/?product=dossier-memory-ajustable-avec-support","url":"https:\/\/investmedic-store.com\/?product=dossier-memory-ajustable-avec-support","name":"OC 2230 Dossier Memory Ajustable Avec Support - investmedic-store.com","isPartOf":{"@id":"https:\/\/investmedic-store.com\/#website"},"datePublished":"2023-08-09T15:18:54+00:00","dateModified":"2025-08-18T10:27:40+00:00","breadcrumb":{"@id":"https:\/\/investmedic-store.com\/?product=dossier-memory-ajustable-avec-support#breadcrumb"},"inLanguage":"fr-FR","potentialAction":[{"@type":"ReadAction","target":["https:\/\/investmedic-store.com\/?product=dossier-memory-ajustable-avec-support"]}]},{"@type":"BreadcrumbList","@id":"https:\/\/investmedic-store.com\/?product=dossier-memory-ajustable-avec-support#breadcrumb","itemListElement":[{"@type":"ListItem","position":1,"name":"Accueil","item":"https:\/\/investmedic-store.com\/"},{"@type":"ListItem","position":2,"name":"Shop","item":"https:\/\/investmedic-store.com\/?page_id=5"},{"@type":"ListItem","position":3,"name":"OC 2230 Dossier Memory Ajustable Avec Support"}]},{"@type":"WebSite","@id":"https:\/\/investmedic-store.com\/#website","url":"https:\/\/investmedic-store.com\/","name":"invest medic store","description":"Importation &amp; Distribution Du Materiels Medico-Chirurgicales - \u0627\u0633\u062a\u064a\u0631\u0627\u062f \u0648\u062a\u0648\u0632\u064a\u0639 \u0627\u0644\u0645\u0648\u0627\u062f \u0627\u0644\u0637\u0628\u064a\u0629 \u0627\u0644\u062c\u0631\u0627\u062d\u064a\u0629","publisher":{"@id":"https:\/\/investmedic-store.com\/#organization"},"alternateName":"investmedic store","potentialAction":[{"@type":"SearchAction","target":{"@type":"EntryPoint","urlTemplate":"https:\/\/investmedic-store.com\/?s={search_term_string}"},"query-input":"required name=search_term_string"}],"inLanguage":"fr-FR"},{"@type":"Organization","@id":"https:\/\/investmedic-store.com\/#organization","name":"invest.medic store","alternateName":"investmedic store","url":"https:\/\/investmedic-store.com\/","logo":{"@type":"ImageObject","inLanguage":"fr-FR","@id":"https:\/\/investmedic-store.com\/#\/schema\/logo\/image\/","url":"https:\/\/investmedic-store.com\/wp-content\/uploads\/2023\/07\/cropped-LOGO_INVEST-transformed-removebg-preview-transformed-1-e1690120839263.png","contentUrl":"https:\/\/investmedic-store.com\/wp-content\/uploads\/2023\/07\/cropped-LOGO_INVEST-transformed-removebg-preview-transformed-1-e1690120839263.png","width":512,"height":512,"caption":"invest.medic store"},"image":{"@id":"https:\/\/investmedic-store.com\/#\/schema\/logo\/image\/"},"sameAs":["https:\/\/www.facebook.com\/invest.medic"]}]}},"_links":{"self":[{"href":"https:\/\/investmedic-store.com\/index.php?rest_route=\/wp\/v2\/product\/1403"}],"collection":[{"href":"https:\/\/investmedic-store.com\/index.php?rest_route=\/wp\/v2\/product"}],"about":[{"href":"https:\/\/investmedic-store.com\/index.php?rest_route=\/wp\/v2\/types\/product"}],"replies":[{"embeddable":true,"href":"https:\/\/investmedic-store.com\/index.php?rest_route=%2Fwp%2Fv2%2Fcomments&post=1403"}],"wp:featuredmedia":[{"embeddable":true,"href":"https:\/\/investmedic-store.com\/index.php?rest_route=\/wp\/v2\/media\/1404"}],"wp:attachment":[{"href":"https:\/\/investmedic-store.com\/index.php?rest_route=%2Fwp%2Fv2%2Fmedia&parent=1403"}],"wp:term":[{"taxonomy":"product_cat","embeddable":true,"href":"https:\/\/investmedic-store.com\/index.php?rest_route=%2Fwp%2Fv2%2Fproduct_cat&post=1403"},{"taxonomy":"product_tag","embeddable":true,"href":"https:\/\/investmedic-store.com\/index.php?rest_route=%2Fwp%2Fv2%2Fproduct_tag&post=1403"}],"curies":[{"name":"wp","href":"https:\/\/api.w.org\/{rel}","templated":true}]}}