{"id":1383,"date":"2023-08-09T13:55:21","date_gmt":"2023-08-09T12:55:21","guid":{"rendered":"https:\/\/investmedic-store.com\/?post_type=product&#038;p=1383"},"modified":"2025-08-19T10:54:11","modified_gmt":"2025-08-19T09:54:11","slug":"collier-cervical-pediatrique","status":"publish","type":"product","link":"https:\/\/investmedic-store.com\/?product=collier-cervical-pediatrique","title":{"rendered":"OC 2206 Collier Cervical P\u00e9diatrique"},"content":{"rendered":"<h2>Collier cervical p\u00e9diatrique<\/h2>\n<p>Il est sp\u00e9cialement con\u00e7u pour les enfants.\u00a0Fermetures Velcro pour une application et un retrait faciles.\u00a0Contour\u00e9 pour un maximum de confort.\u00a0Fabriqu\u00e9 en mousse de polyur\u00e9thane respirante.\u00a0Recommand\u00e9 pour la pr\u00e9vention et le traitement des blessures \u00e0 la nuque.\u00a0Permet d&#8217;immobiliser le cou confortablement &#8211; facile \u00e0 mettre et \u00e0 enlever.<\/p>\n","protected":false},"excerpt":{"rendered":"<p>Collier cervical p\u00e9diatrique Il est sp\u00e9cialement con\u00e7u pour les enfants.\u00a0Fermetures Velcro pour une application et un retrait faciles.\u00a0Contour\u00e9 pour un maximum de confort.\u00a0Fabriqu\u00e9 en mousse de polyur\u00e9thane respirante.\u00a0Recommand\u00e9 pour la pr\u00e9vention et le traitement des blessures \u00e0 la nuque.\u00a0Permet d&#8217;immobiliser le cou confortablement &#8211; facile \u00e0 mettre et \u00e0 enlever.<\/p>\n","protected":false},"featured_media":1387,"comment_status":"open","ping_status":"closed","template":"","meta":{"om_disable_all_campaigns":false,"_joinchat":[]},"product_cat":[60,80],"product_tag":[],"yoast_head":"<!-- This site is optimized with the Yoast SEO plugin v20.12 - https:\/\/yoast.com\/wordpress\/plugins\/seo\/ -->\n<title>OC 2206 Collier Cervical P\u00e9diatrique - investmedic-store.com<\/title>\n<meta name=\"robots\" content=\"index, follow, max-snippet:-1, max-image-preview:large, max-video-preview:-1\" \/>\n<link rel=\"canonical\" href=\"https:\/\/investmedic-store.com\/?product=collier-cervical-pediatrique\" \/>\n<meta property=\"og:locale\" content=\"fr_FR\" \/>\n<meta property=\"og:type\" content=\"article\" \/>\n<meta property=\"og:title\" content=\"OC 2206 Collier Cervical P\u00e9diatrique - investmedic-store.com\" \/>\n<meta property=\"og:description\" content=\"Collier cervical p\u00e9diatrique Il est sp\u00e9cialement con\u00e7u pour les enfants.\u00a0Fermetures Velcro pour une application et un retrait faciles.\u00a0Contour\u00e9 pour un maximum de confort.\u00a0Fabriqu\u00e9 en mousse de polyur\u00e9thane respirante.\u00a0Recommand\u00e9 pour la pr\u00e9vention et le traitement des blessures \u00e0 la nuque.\u00a0Permet d&#8217;immobiliser le cou confortablement &#8211; facile \u00e0 mettre et \u00e0 enlever.\" \/>\n<meta property=\"og:url\" content=\"https:\/\/investmedic-store.com\/?product=collier-cervical-pediatrique\" \/>\n<meta property=\"og:site_name\" content=\"investmedic-store.com\" \/>\n<meta property=\"article:publisher\" content=\"https:\/\/www.facebook.com\/invest.medic\" \/>\n<meta property=\"article:modified_time\" content=\"2025-08-19T09:54:11+00:00\" \/>\n<meta property=\"og:image\" content=\"http:\/\/investmedic-store.com\/wp-content\/uploads\/2023\/08\/Pediatric-Clavicle-Collar.png\" \/>\n\t<meta property=\"og:image:width\" content=\"600\" \/>\n\t<meta property=\"og:image:height\" content=\"722\" \/>\n\t<meta property=\"og:image:type\" content=\"image\/png\" \/>\n<meta name=\"twitter:card\" content=\"summary_large_image\" \/>\n<meta name=\"twitter:label1\" content=\"Dur\u00e9e de lecture estim\u00e9e\" \/>\n\t<meta name=\"twitter:data1\" content=\"1 minute\" \/>\n<script type=\"application\/ld+json\" class=\"yoast-schema-graph\">{\"@context\":\"https:\/\/schema.org\",\"@graph\":[{\"@type\":\"WebPage\",\"@id\":\"https:\/\/investmedic-store.com\/?product=collier-cervical-pediatrique\",\"url\":\"https:\/\/investmedic-store.com\/?product=collier-cervical-pediatrique\",\"name\":\"OC 2206 Collier Cervical P\u00e9diatrique - investmedic-store.com\",\"isPartOf\":{\"@id\":\"https:\/\/investmedic-store.com\/#website\"},\"datePublished\":\"2023-08-09T12:55:21+00:00\",\"dateModified\":\"2025-08-19T09:54:11+00:00\",\"breadcrumb\":{\"@id\":\"https:\/\/investmedic-store.com\/?product=collier-cervical-pediatrique#breadcrumb\"},\"inLanguage\":\"fr-FR\",\"potentialAction\":[{\"@type\":\"ReadAction\",\"target\":[\"https:\/\/investmedic-store.com\/?product=collier-cervical-pediatrique\"]}]},{\"@type\":\"BreadcrumbList\",\"@id\":\"https:\/\/investmedic-store.com\/?product=collier-cervical-pediatrique#breadcrumb\",\"itemListElement\":[{\"@type\":\"ListItem\",\"position\":1,\"name\":\"Accueil\",\"item\":\"https:\/\/investmedic-store.com\/\"},{\"@type\":\"ListItem\",\"position\":2,\"name\":\"Shop\",\"item\":\"https:\/\/investmedic-store.com\/?page_id=5\"},{\"@type\":\"ListItem\",\"position\":3,\"name\":\"OC 2206 Collier Cervical P\u00e9diatrique\"}]},{\"@type\":\"WebSite\",\"@id\":\"https:\/\/investmedic-store.com\/#website\",\"url\":\"https:\/\/investmedic-store.com\/\",\"name\":\"invest medic store\",\"description\":\"Importation &amp; Distribution Du Materiels Medico-Chirurgicales - \u0627\u0633\u062a\u064a\u0631\u0627\u062f \u0648\u062a\u0648\u0632\u064a\u0639 \u0627\u0644\u0645\u0648\u0627\u062f \u0627\u0644\u0637\u0628\u064a\u0629 \u0627\u0644\u062c\u0631\u0627\u062d\u064a\u0629\",\"publisher\":{\"@id\":\"https:\/\/investmedic-store.com\/#organization\"},\"alternateName\":\"investmedic store\",\"potentialAction\":[{\"@type\":\"SearchAction\",\"target\":{\"@type\":\"EntryPoint\",\"urlTemplate\":\"https:\/\/investmedic-store.com\/?s={search_term_string}\"},\"query-input\":\"required name=search_term_string\"}],\"inLanguage\":\"fr-FR\"},{\"@type\":\"Organization\",\"@id\":\"https:\/\/investmedic-store.com\/#organization\",\"name\":\"invest.medic store\",\"alternateName\":\"investmedic store\",\"url\":\"https:\/\/investmedic-store.com\/\",\"logo\":{\"@type\":\"ImageObject\",\"inLanguage\":\"fr-FR\",\"@id\":\"https:\/\/investmedic-store.com\/#\/schema\/logo\/image\/\",\"url\":\"https:\/\/investmedic-store.com\/wp-content\/uploads\/2023\/07\/cropped-LOGO_INVEST-transformed-removebg-preview-transformed-1-e1690120839263.png\",\"contentUrl\":\"https:\/\/investmedic-store.com\/wp-content\/uploads\/2023\/07\/cropped-LOGO_INVEST-transformed-removebg-preview-transformed-1-e1690120839263.png\",\"width\":512,\"height\":512,\"caption\":\"invest.medic store\"},\"image\":{\"@id\":\"https:\/\/investmedic-store.com\/#\/schema\/logo\/image\/\"},\"sameAs\":[\"https:\/\/www.facebook.com\/invest.medic\"]}]}<\/script>\n<!-- \/ Yoast SEO plugin. -->","yoast_head_json":{"title":"OC 2206 Collier Cervical P\u00e9diatrique - investmedic-store.com","robots":{"index":"index","follow":"follow","max-snippet":"max-snippet:-1","max-image-preview":"max-image-preview:large","max-video-preview":"max-video-preview:-1"},"canonical":"https:\/\/investmedic-store.com\/?product=collier-cervical-pediatrique","og_locale":"fr_FR","og_type":"article","og_title":"OC 2206 Collier Cervical P\u00e9diatrique - investmedic-store.com","og_description":"Collier cervical p\u00e9diatrique Il est sp\u00e9cialement con\u00e7u pour les enfants.\u00a0Fermetures Velcro pour une application et un retrait faciles.\u00a0Contour\u00e9 pour un maximum de confort.\u00a0Fabriqu\u00e9 en mousse de polyur\u00e9thane respirante.\u00a0Recommand\u00e9 pour la pr\u00e9vention et le traitement des blessures \u00e0 la nuque.\u00a0Permet d&#8217;immobiliser le cou confortablement &#8211; facile \u00e0 mettre et \u00e0 enlever.","og_url":"https:\/\/investmedic-store.com\/?product=collier-cervical-pediatrique","og_site_name":"investmedic-store.com","article_publisher":"https:\/\/www.facebook.com\/invest.medic","article_modified_time":"2025-08-19T09:54:11+00:00","og_image":[{"width":600,"height":722,"url":"http:\/\/investmedic-store.com\/wp-content\/uploads\/2023\/08\/Pediatric-Clavicle-Collar.png","type":"image\/png"}],"twitter_card":"summary_large_image","twitter_misc":{"Dur\u00e9e de lecture estim\u00e9e":"1 minute"},"schema":{"@context":"https:\/\/schema.org","@graph":[{"@type":"WebPage","@id":"https:\/\/investmedic-store.com\/?product=collier-cervical-pediatrique","url":"https:\/\/investmedic-store.com\/?product=collier-cervical-pediatrique","name":"OC 2206 Collier Cervical P\u00e9diatrique - investmedic-store.com","isPartOf":{"@id":"https:\/\/investmedic-store.com\/#website"},"datePublished":"2023-08-09T12:55:21+00:00","dateModified":"2025-08-19T09:54:11+00:00","breadcrumb":{"@id":"https:\/\/investmedic-store.com\/?product=collier-cervical-pediatrique#breadcrumb"},"inLanguage":"fr-FR","potentialAction":[{"@type":"ReadAction","target":["https:\/\/investmedic-store.com\/?product=collier-cervical-pediatrique"]}]},{"@type":"BreadcrumbList","@id":"https:\/\/investmedic-store.com\/?product=collier-cervical-pediatrique#breadcrumb","itemListElement":[{"@type":"ListItem","position":1,"name":"Accueil","item":"https:\/\/investmedic-store.com\/"},{"@type":"ListItem","position":2,"name":"Shop","item":"https:\/\/investmedic-store.com\/?page_id=5"},{"@type":"ListItem","position":3,"name":"OC 2206 Collier Cervical P\u00e9diatrique"}]},{"@type":"WebSite","@id":"https:\/\/investmedic-store.com\/#website","url":"https:\/\/investmedic-store.com\/","name":"invest medic store","description":"Importation &amp; Distribution Du Materiels Medico-Chirurgicales - \u0627\u0633\u062a\u064a\u0631\u0627\u062f \u0648\u062a\u0648\u0632\u064a\u0639 \u0627\u0644\u0645\u0648\u0627\u062f \u0627\u0644\u0637\u0628\u064a\u0629 \u0627\u0644\u062c\u0631\u0627\u062d\u064a\u0629","publisher":{"@id":"https:\/\/investmedic-store.com\/#organization"},"alternateName":"investmedic store","potentialAction":[{"@type":"SearchAction","target":{"@type":"EntryPoint","urlTemplate":"https:\/\/investmedic-store.com\/?s={search_term_string}"},"query-input":"required name=search_term_string"}],"inLanguage":"fr-FR"},{"@type":"Organization","@id":"https:\/\/investmedic-store.com\/#organization","name":"invest.medic store","alternateName":"investmedic store","url":"https:\/\/investmedic-store.com\/","logo":{"@type":"ImageObject","inLanguage":"fr-FR","@id":"https:\/\/investmedic-store.com\/#\/schema\/logo\/image\/","url":"https:\/\/investmedic-store.com\/wp-content\/uploads\/2023\/07\/cropped-LOGO_INVEST-transformed-removebg-preview-transformed-1-e1690120839263.png","contentUrl":"https:\/\/investmedic-store.com\/wp-content\/uploads\/2023\/07\/cropped-LOGO_INVEST-transformed-removebg-preview-transformed-1-e1690120839263.png","width":512,"height":512,"caption":"invest.medic store"},"image":{"@id":"https:\/\/investmedic-store.com\/#\/schema\/logo\/image\/"},"sameAs":["https:\/\/www.facebook.com\/invest.medic"]}]}},"_links":{"self":[{"href":"https:\/\/investmedic-store.com\/index.php?rest_route=\/wp\/v2\/product\/1383"}],"collection":[{"href":"https:\/\/investmedic-store.com\/index.php?rest_route=\/wp\/v2\/product"}],"about":[{"href":"https:\/\/investmedic-store.com\/index.php?rest_route=\/wp\/v2\/types\/product"}],"replies":[{"embeddable":true,"href":"https:\/\/investmedic-store.com\/index.php?rest_route=%2Fwp%2Fv2%2Fcomments&post=1383"}],"wp:featuredmedia":[{"embeddable":true,"href":"https:\/\/investmedic-store.com\/index.php?rest_route=\/wp\/v2\/media\/1387"}],"wp:attachment":[{"href":"https:\/\/investmedic-store.com\/index.php?rest_route=%2Fwp%2Fv2%2Fmedia&parent=1383"}],"wp:term":[{"taxonomy":"product_cat","embeddable":true,"href":"https:\/\/investmedic-store.com\/index.php?rest_route=%2Fwp%2Fv2%2Fproduct_cat&post=1383"},{"taxonomy":"product_tag","embeddable":true,"href":"https:\/\/investmedic-store.com\/index.php?rest_route=%2Fwp%2Fv2%2Fproduct_tag&post=1383"}],"curies":[{"name":"wp","href":"https:\/\/api.w.org\/{rel}","templated":true}]}}