{"id":1147,"date":"2023-08-08T14:48:51","date_gmt":"2023-08-08T13:48:51","guid":{"rendered":"https:\/\/investmedic-store.com\/?post_type=product&#038;p=1147"},"modified":"2025-08-19T15:42:33","modified_gmt":"2025-08-19T14:42:33","slug":"genouillere-elastique-2","status":"publish","type":"product","link":"https:\/\/investmedic-store.com\/?product=genouillere-elastique-2","title":{"rendered":"OC 2083 Genouill\u00e8re \u00c9lastique"},"content":{"rendered":"<h2>Genouill\u00e8re L\u00e9g\u00e8re<\/h2>\n<p>Fournit un soutien, une stabilisation et une compression contr\u00f4l\u00e9e.\u00a0Limitez partiellement le mouvement et \u00e9galement recommand\u00e9 pour les conditions arthritiques du genou, les entorses mineures et les entorses ligamentaires l\u00e9g\u00e8res \u00e0 mod\u00e9r\u00e9es.\u00a0Le plastique semi-flexible reste sur le c\u00f4t\u00e9 pour permettre un mouvement partiel du genou.<br \/>\n<strong>Commun pour les jambes gauche et droite.<\/strong><\/p>\n","protected":false},"excerpt":{"rendered":"<p>Genouill\u00e8re L\u00e9g\u00e8re Fournit un soutien, une stabilisation et une compression contr\u00f4l\u00e9e.\u00a0Limitez partiellement le mouvement et \u00e9galement recommand\u00e9 pour les conditions arthritiques du genou, les entorses mineures et les entorses ligamentaires l\u00e9g\u00e8res \u00e0 mod\u00e9r\u00e9es.\u00a0Le plastique semi-flexible reste sur le c\u00f4t\u00e9 pour permettre un mouvement partiel du genou. Commun pour les jambes gauche et droite.<\/p>\n","protected":false},"featured_media":1153,"comment_status":"open","ping_status":"closed","template":"","meta":{"om_disable_all_campaigns":false,"_joinchat":[]},"product_cat":[75,60],"product_tag":[],"yoast_head":"<!-- This site is optimized with the Yoast SEO plugin v20.12 - https:\/\/yoast.com\/wordpress\/plugins\/seo\/ -->\n<title>OC 2083 Genouill\u00e8re \u00c9lastique - investmedic-store.com<\/title>\n<meta name=\"robots\" content=\"index, follow, max-snippet:-1, max-image-preview:large, max-video-preview:-1\" \/>\n<link rel=\"canonical\" href=\"https:\/\/investmedic-store.com\/?product=genouillere-elastique-2\" \/>\n<meta property=\"og:locale\" content=\"fr_FR\" \/>\n<meta property=\"og:type\" content=\"article\" \/>\n<meta property=\"og:title\" content=\"OC 2083 Genouill\u00e8re \u00c9lastique - investmedic-store.com\" \/>\n<meta property=\"og:description\" content=\"Genouill\u00e8re L\u00e9g\u00e8re Fournit un soutien, une stabilisation et une compression contr\u00f4l\u00e9e.\u00a0Limitez partiellement le mouvement et \u00e9galement recommand\u00e9 pour les conditions arthritiques du genou, les entorses mineures et les entorses ligamentaires l\u00e9g\u00e8res \u00e0 mod\u00e9r\u00e9es.\u00a0Le plastique semi-flexible reste sur le c\u00f4t\u00e9 pour permettre un mouvement partiel du genou. Commun pour les jambes gauche et droite.\" \/>\n<meta property=\"og:url\" content=\"https:\/\/investmedic-store.com\/?product=genouillere-elastique-2\" \/>\n<meta property=\"og:site_name\" content=\"investmedic-store.com\" \/>\n<meta property=\"article:publisher\" content=\"https:\/\/www.facebook.com\/invest.medic\" \/>\n<meta property=\"article:modified_time\" content=\"2025-08-19T14:42:33+00:00\" \/>\n<meta property=\"og:image\" content=\"http:\/\/investmedic-store.com\/wp-content\/uploads\/2023\/08\/Light-Knee-Brace.png\" \/>\n\t<meta property=\"og:image:width\" content=\"600\" \/>\n\t<meta property=\"og:image:height\" content=\"733\" \/>\n\t<meta property=\"og:image:type\" content=\"image\/png\" \/>\n<meta name=\"twitter:card\" content=\"summary_large_image\" \/>\n<meta name=\"twitter:label1\" content=\"Dur\u00e9e de lecture estim\u00e9e\" \/>\n\t<meta name=\"twitter:data1\" content=\"1 minute\" \/>\n<script type=\"application\/ld+json\" class=\"yoast-schema-graph\">{\"@context\":\"https:\/\/schema.org\",\"@graph\":[{\"@type\":\"WebPage\",\"@id\":\"https:\/\/investmedic-store.com\/?product=genouillere-elastique-2\",\"url\":\"https:\/\/investmedic-store.com\/?product=genouillere-elastique-2\",\"name\":\"OC 2083 Genouill\u00e8re \u00c9lastique - investmedic-store.com\",\"isPartOf\":{\"@id\":\"https:\/\/investmedic-store.com\/#website\"},\"datePublished\":\"2023-08-08T13:48:51+00:00\",\"dateModified\":\"2025-08-19T14:42:33+00:00\",\"breadcrumb\":{\"@id\":\"https:\/\/investmedic-store.com\/?product=genouillere-elastique-2#breadcrumb\"},\"inLanguage\":\"fr-FR\",\"potentialAction\":[{\"@type\":\"ReadAction\",\"target\":[\"https:\/\/investmedic-store.com\/?product=genouillere-elastique-2\"]}]},{\"@type\":\"BreadcrumbList\",\"@id\":\"https:\/\/investmedic-store.com\/?product=genouillere-elastique-2#breadcrumb\",\"itemListElement\":[{\"@type\":\"ListItem\",\"position\":1,\"name\":\"Accueil\",\"item\":\"https:\/\/investmedic-store.com\/\"},{\"@type\":\"ListItem\",\"position\":2,\"name\":\"Shop\",\"item\":\"https:\/\/investmedic-store.com\/?page_id=5\"},{\"@type\":\"ListItem\",\"position\":3,\"name\":\"OC 2083 Genouill\u00e8re \u00c9lastique\"}]},{\"@type\":\"WebSite\",\"@id\":\"https:\/\/investmedic-store.com\/#website\",\"url\":\"https:\/\/investmedic-store.com\/\",\"name\":\"invest medic store\",\"description\":\"Importation &amp; Distribution Du Materiels Medico-Chirurgicales - \u0627\u0633\u062a\u064a\u0631\u0627\u062f \u0648\u062a\u0648\u0632\u064a\u0639 \u0627\u0644\u0645\u0648\u0627\u062f \u0627\u0644\u0637\u0628\u064a\u0629 \u0627\u0644\u062c\u0631\u0627\u062d\u064a\u0629\",\"publisher\":{\"@id\":\"https:\/\/investmedic-store.com\/#organization\"},\"alternateName\":\"investmedic store\",\"potentialAction\":[{\"@type\":\"SearchAction\",\"target\":{\"@type\":\"EntryPoint\",\"urlTemplate\":\"https:\/\/investmedic-store.com\/?s={search_term_string}\"},\"query-input\":\"required name=search_term_string\"}],\"inLanguage\":\"fr-FR\"},{\"@type\":\"Organization\",\"@id\":\"https:\/\/investmedic-store.com\/#organization\",\"name\":\"invest.medic store\",\"alternateName\":\"investmedic store\",\"url\":\"https:\/\/investmedic-store.com\/\",\"logo\":{\"@type\":\"ImageObject\",\"inLanguage\":\"fr-FR\",\"@id\":\"https:\/\/investmedic-store.com\/#\/schema\/logo\/image\/\",\"url\":\"https:\/\/investmedic-store.com\/wp-content\/uploads\/2023\/07\/cropped-LOGO_INVEST-transformed-removebg-preview-transformed-1-e1690120839263.png\",\"contentUrl\":\"https:\/\/investmedic-store.com\/wp-content\/uploads\/2023\/07\/cropped-LOGO_INVEST-transformed-removebg-preview-transformed-1-e1690120839263.png\",\"width\":512,\"height\":512,\"caption\":\"invest.medic store\"},\"image\":{\"@id\":\"https:\/\/investmedic-store.com\/#\/schema\/logo\/image\/\"},\"sameAs\":[\"https:\/\/www.facebook.com\/invest.medic\"]}]}<\/script>\n<!-- \/ Yoast SEO plugin. -->","yoast_head_json":{"title":"OC 2083 Genouill\u00e8re \u00c9lastique - investmedic-store.com","robots":{"index":"index","follow":"follow","max-snippet":"max-snippet:-1","max-image-preview":"max-image-preview:large","max-video-preview":"max-video-preview:-1"},"canonical":"https:\/\/investmedic-store.com\/?product=genouillere-elastique-2","og_locale":"fr_FR","og_type":"article","og_title":"OC 2083 Genouill\u00e8re \u00c9lastique - investmedic-store.com","og_description":"Genouill\u00e8re L\u00e9g\u00e8re Fournit un soutien, une stabilisation et une compression contr\u00f4l\u00e9e.\u00a0Limitez partiellement le mouvement et \u00e9galement recommand\u00e9 pour les conditions arthritiques du genou, les entorses mineures et les entorses ligamentaires l\u00e9g\u00e8res \u00e0 mod\u00e9r\u00e9es.\u00a0Le plastique semi-flexible reste sur le c\u00f4t\u00e9 pour permettre un mouvement partiel du genou. Commun pour les jambes gauche et droite.","og_url":"https:\/\/investmedic-store.com\/?product=genouillere-elastique-2","og_site_name":"investmedic-store.com","article_publisher":"https:\/\/www.facebook.com\/invest.medic","article_modified_time":"2025-08-19T14:42:33+00:00","og_image":[{"width":600,"height":733,"url":"http:\/\/investmedic-store.com\/wp-content\/uploads\/2023\/08\/Light-Knee-Brace.png","type":"image\/png"}],"twitter_card":"summary_large_image","twitter_misc":{"Dur\u00e9e de lecture estim\u00e9e":"1 minute"},"schema":{"@context":"https:\/\/schema.org","@graph":[{"@type":"WebPage","@id":"https:\/\/investmedic-store.com\/?product=genouillere-elastique-2","url":"https:\/\/investmedic-store.com\/?product=genouillere-elastique-2","name":"OC 2083 Genouill\u00e8re \u00c9lastique - investmedic-store.com","isPartOf":{"@id":"https:\/\/investmedic-store.com\/#website"},"datePublished":"2023-08-08T13:48:51+00:00","dateModified":"2025-08-19T14:42:33+00:00","breadcrumb":{"@id":"https:\/\/investmedic-store.com\/?product=genouillere-elastique-2#breadcrumb"},"inLanguage":"fr-FR","potentialAction":[{"@type":"ReadAction","target":["https:\/\/investmedic-store.com\/?product=genouillere-elastique-2"]}]},{"@type":"BreadcrumbList","@id":"https:\/\/investmedic-store.com\/?product=genouillere-elastique-2#breadcrumb","itemListElement":[{"@type":"ListItem","position":1,"name":"Accueil","item":"https:\/\/investmedic-store.com\/"},{"@type":"ListItem","position":2,"name":"Shop","item":"https:\/\/investmedic-store.com\/?page_id=5"},{"@type":"ListItem","position":3,"name":"OC 2083 Genouill\u00e8re \u00c9lastique"}]},{"@type":"WebSite","@id":"https:\/\/investmedic-store.com\/#website","url":"https:\/\/investmedic-store.com\/","name":"invest medic store","description":"Importation &amp; Distribution Du Materiels Medico-Chirurgicales - \u0627\u0633\u062a\u064a\u0631\u0627\u062f \u0648\u062a\u0648\u0632\u064a\u0639 \u0627\u0644\u0645\u0648\u0627\u062f \u0627\u0644\u0637\u0628\u064a\u0629 \u0627\u0644\u062c\u0631\u0627\u062d\u064a\u0629","publisher":{"@id":"https:\/\/investmedic-store.com\/#organization"},"alternateName":"investmedic store","potentialAction":[{"@type":"SearchAction","target":{"@type":"EntryPoint","urlTemplate":"https:\/\/investmedic-store.com\/?s={search_term_string}"},"query-input":"required name=search_term_string"}],"inLanguage":"fr-FR"},{"@type":"Organization","@id":"https:\/\/investmedic-store.com\/#organization","name":"invest.medic store","alternateName":"investmedic store","url":"https:\/\/investmedic-store.com\/","logo":{"@type":"ImageObject","inLanguage":"fr-FR","@id":"https:\/\/investmedic-store.com\/#\/schema\/logo\/image\/","url":"https:\/\/investmedic-store.com\/wp-content\/uploads\/2023\/07\/cropped-LOGO_INVEST-transformed-removebg-preview-transformed-1-e1690120839263.png","contentUrl":"https:\/\/investmedic-store.com\/wp-content\/uploads\/2023\/07\/cropped-LOGO_INVEST-transformed-removebg-preview-transformed-1-e1690120839263.png","width":512,"height":512,"caption":"invest.medic store"},"image":{"@id":"https:\/\/investmedic-store.com\/#\/schema\/logo\/image\/"},"sameAs":["https:\/\/www.facebook.com\/invest.medic"]}]}},"_links":{"self":[{"href":"https:\/\/investmedic-store.com\/index.php?rest_route=\/wp\/v2\/product\/1147"}],"collection":[{"href":"https:\/\/investmedic-store.com\/index.php?rest_route=\/wp\/v2\/product"}],"about":[{"href":"https:\/\/investmedic-store.com\/index.php?rest_route=\/wp\/v2\/types\/product"}],"replies":[{"embeddable":true,"href":"https:\/\/investmedic-store.com\/index.php?rest_route=%2Fwp%2Fv2%2Fcomments&post=1147"}],"wp:featuredmedia":[{"embeddable":true,"href":"https:\/\/investmedic-store.com\/index.php?rest_route=\/wp\/v2\/media\/1153"}],"wp:attachment":[{"href":"https:\/\/investmedic-store.com\/index.php?rest_route=%2Fwp%2Fv2%2Fmedia&parent=1147"}],"wp:term":[{"taxonomy":"product_cat","embeddable":true,"href":"https:\/\/investmedic-store.com\/index.php?rest_route=%2Fwp%2Fv2%2Fproduct_cat&post=1147"},{"taxonomy":"product_tag","embeddable":true,"href":"https:\/\/investmedic-store.com\/index.php?rest_route=%2Fwp%2Fv2%2Fproduct_tag&post=1147"}],"curies":[{"name":"wp","href":"https:\/\/api.w.org\/{rel}","templated":true}]}}