{"id":1035,"date":"2023-08-08T11:48:11","date_gmt":"2023-08-08T10:48:11","guid":{"rendered":"https:\/\/investmedic-store.com\/?post_type=product&#038;p=1035"},"modified":"2025-12-17T14:34:22","modified_gmt":"2025-12-17T13:34:22","slug":"genouillere-articule-ferme-triaxial","status":"publish","type":"product","link":"https:\/\/investmedic-store.com\/?product=genouillere-articule-ferme-triaxial","title":{"rendered":"OC 2133 Genouill\u00e8re Articul\u00e9 Ferm\u00e9 Triaxial"},"content":{"rendered":"<h2>Genouill\u00e8re articul\u00e9e \u00e0 deux essieux<\/h2>\n<p>Une genouill\u00e8re \u00e0 charni\u00e8re l\u00e9g\u00e8re et de haute qualit\u00e9 avec un long et \u00e9pais manchon en nylon et coton ainsi que des charni\u00e8res polycentriques, des but\u00e9es d\u2019hyperextension et des coussinets de condyle pour un ajustement, un confort et un maintien accrus.\u00a0Il donne un fort soutien lat\u00e9ral aux c\u00f4t\u00e9s du genou.\u00a0Convient pour les blessures au genou, en particulier celles qui affectent les ligaments du ligament crois\u00e9 ant\u00e9rieur et des ligaments collat\u00e9raux m\u00e9diaux.\u00a0C&#8217;est certainement l&#8217;une des meilleures rotules \u00e0 genouill\u00e8re.\u00a0La charni\u00e8re \u00e0 deux essieux permet \u00e0 la genouill\u00e8re de bouger sans \u00e0-coups lorsque le genou bouge, tout en maintenant un soutien optimal.<br \/>\nAnneau de gel souple sp\u00e9cial fix\u00e9 pour immobiliser les mouvements de pattela.\u00a0Tr\u00e8s confortable pour la r\u00e9gion de pattela.<\/p>\n","protected":false},"excerpt":{"rendered":"<p>Genouill\u00e8re articul\u00e9e \u00e0 deux essieux Une genouill\u00e8re \u00e0 charni\u00e8re l\u00e9g\u00e8re et de haute qualit\u00e9 avec un long et \u00e9pais manchon en nylon et coton ainsi que des charni\u00e8res polycentriques, des but\u00e9es d\u2019hyperextension et des coussinets de condyle pour un ajustement, un confort et un maintien accrus.\u00a0Il donne un fort soutien lat\u00e9ral aux c\u00f4t\u00e9s du genou.\u00a0Convient &hellip;<\/p>\n<p class=\"read-more\"> <a class=\" thunk-readmore button \" href=\"https:\/\/investmedic-store.com\/?product=genouillere-articule-ferme-triaxial\"> <span class=\"screen-reader-text\">OC 2133 Genouill\u00e8re Articul\u00e9 Ferm\u00e9 Triaxial<\/span>Read More<\/a><\/p>\n","protected":false},"featured_media":1042,"comment_status":"open","ping_status":"closed","template":"","meta":{"om_disable_all_campaigns":false,"_joinchat":[]},"product_cat":[75,60],"product_tag":[],"yoast_head":"<!-- This site is optimized with the Yoast SEO plugin v20.12 - https:\/\/yoast.com\/wordpress\/plugins\/seo\/ -->\n<title>OC 2133 Genouill\u00e8re Articul\u00e9 Ferm\u00e9 Triaxial - investmedic-store.com<\/title>\n<meta name=\"robots\" content=\"index, follow, max-snippet:-1, max-image-preview:large, max-video-preview:-1\" \/>\n<link rel=\"canonical\" href=\"https:\/\/investmedic-store.com\/?product=genouillere-articule-ferme-triaxial\" \/>\n<meta property=\"og:locale\" content=\"fr_FR\" \/>\n<meta property=\"og:type\" content=\"article\" \/>\n<meta property=\"og:title\" content=\"OC 2133 Genouill\u00e8re Articul\u00e9 Ferm\u00e9 Triaxial - investmedic-store.com\" \/>\n<meta property=\"og:description\" content=\"Genouill\u00e8re articul\u00e9e \u00e0 deux essieux Une genouill\u00e8re \u00e0 charni\u00e8re l\u00e9g\u00e8re et de haute qualit\u00e9 avec un long et \u00e9pais manchon en nylon et coton ainsi que des charni\u00e8res polycentriques, des but\u00e9es d\u2019hyperextension et des coussinets de condyle pour un ajustement, un confort et un maintien accrus.\u00a0Il donne un fort soutien lat\u00e9ral aux c\u00f4t\u00e9s du genou.\u00a0Convient &hellip; OC 2133 Genouill\u00e8re Articul\u00e9 Ferm\u00e9 TriaxialRead More\" \/>\n<meta property=\"og:url\" content=\"https:\/\/investmedic-store.com\/?product=genouillere-articule-ferme-triaxial\" \/>\n<meta property=\"og:site_name\" content=\"investmedic-store.com\" \/>\n<meta property=\"article:publisher\" content=\"https:\/\/www.facebook.com\/invest.medic\" \/>\n<meta property=\"article:modified_time\" content=\"2025-12-17T13:34:22+00:00\" \/>\n<meta property=\"og:image\" content=\"http:\/\/investmedic-store.com\/wp-content\/uploads\/2023\/08\/Gel-Bi-Axle-Hinged-Knee-Cap.png\" \/>\n\t<meta property=\"og:image:width\" content=\"641\" \/>\n\t<meta property=\"og:image:height\" content=\"730\" \/>\n\t<meta property=\"og:image:type\" content=\"image\/png\" \/>\n<meta name=\"twitter:card\" content=\"summary_large_image\" \/>\n<meta name=\"twitter:label1\" content=\"Dur\u00e9e de lecture estim\u00e9e\" \/>\n\t<meta name=\"twitter:data1\" content=\"1 minute\" \/>\n<script type=\"application\/ld+json\" class=\"yoast-schema-graph\">{\"@context\":\"https:\/\/schema.org\",\"@graph\":[{\"@type\":\"WebPage\",\"@id\":\"https:\/\/investmedic-store.com\/?product=genouillere-articule-ferme-triaxial\",\"url\":\"https:\/\/investmedic-store.com\/?product=genouillere-articule-ferme-triaxial\",\"name\":\"OC 2133 Genouill\u00e8re Articul\u00e9 Ferm\u00e9 Triaxial - investmedic-store.com\",\"isPartOf\":{\"@id\":\"https:\/\/investmedic-store.com\/#website\"},\"datePublished\":\"2023-08-08T10:48:11+00:00\",\"dateModified\":\"2025-12-17T13:34:22+00:00\",\"breadcrumb\":{\"@id\":\"https:\/\/investmedic-store.com\/?product=genouillere-articule-ferme-triaxial#breadcrumb\"},\"inLanguage\":\"fr-FR\",\"potentialAction\":[{\"@type\":\"ReadAction\",\"target\":[\"https:\/\/investmedic-store.com\/?product=genouillere-articule-ferme-triaxial\"]}]},{\"@type\":\"BreadcrumbList\",\"@id\":\"https:\/\/investmedic-store.com\/?product=genouillere-articule-ferme-triaxial#breadcrumb\",\"itemListElement\":[{\"@type\":\"ListItem\",\"position\":1,\"name\":\"Accueil\",\"item\":\"https:\/\/investmedic-store.com\/\"},{\"@type\":\"ListItem\",\"position\":2,\"name\":\"Shop\",\"item\":\"https:\/\/investmedic-store.com\/?page_id=5\"},{\"@type\":\"ListItem\",\"position\":3,\"name\":\"OC 2133 Genouill\u00e8re Articul\u00e9 Ferm\u00e9 Triaxial\"}]},{\"@type\":\"WebSite\",\"@id\":\"https:\/\/investmedic-store.com\/#website\",\"url\":\"https:\/\/investmedic-store.com\/\",\"name\":\"invest medic store\",\"description\":\"Importation &amp; Distribution Du Materiels Medico-Chirurgicales - \u0627\u0633\u062a\u064a\u0631\u0627\u062f \u0648\u062a\u0648\u0632\u064a\u0639 \u0627\u0644\u0645\u0648\u0627\u062f \u0627\u0644\u0637\u0628\u064a\u0629 \u0627\u0644\u062c\u0631\u0627\u062d\u064a\u0629\",\"publisher\":{\"@id\":\"https:\/\/investmedic-store.com\/#organization\"},\"alternateName\":\"investmedic store\",\"potentialAction\":[{\"@type\":\"SearchAction\",\"target\":{\"@type\":\"EntryPoint\",\"urlTemplate\":\"https:\/\/investmedic-store.com\/?s={search_term_string}\"},\"query-input\":\"required name=search_term_string\"}],\"inLanguage\":\"fr-FR\"},{\"@type\":\"Organization\",\"@id\":\"https:\/\/investmedic-store.com\/#organization\",\"name\":\"invest.medic store\",\"alternateName\":\"investmedic store\",\"url\":\"https:\/\/investmedic-store.com\/\",\"logo\":{\"@type\":\"ImageObject\",\"inLanguage\":\"fr-FR\",\"@id\":\"https:\/\/investmedic-store.com\/#\/schema\/logo\/image\/\",\"url\":\"https:\/\/investmedic-store.com\/wp-content\/uploads\/2023\/07\/cropped-LOGO_INVEST-transformed-removebg-preview-transformed-1-e1690120839263.png\",\"contentUrl\":\"https:\/\/investmedic-store.com\/wp-content\/uploads\/2023\/07\/cropped-LOGO_INVEST-transformed-removebg-preview-transformed-1-e1690120839263.png\",\"width\":512,\"height\":512,\"caption\":\"invest.medic store\"},\"image\":{\"@id\":\"https:\/\/investmedic-store.com\/#\/schema\/logo\/image\/\"},\"sameAs\":[\"https:\/\/www.facebook.com\/invest.medic\"]}]}<\/script>\n<!-- \/ Yoast SEO plugin. -->","yoast_head_json":{"title":"OC 2133 Genouill\u00e8re Articul\u00e9 Ferm\u00e9 Triaxial - investmedic-store.com","robots":{"index":"index","follow":"follow","max-snippet":"max-snippet:-1","max-image-preview":"max-image-preview:large","max-video-preview":"max-video-preview:-1"},"canonical":"https:\/\/investmedic-store.com\/?product=genouillere-articule-ferme-triaxial","og_locale":"fr_FR","og_type":"article","og_title":"OC 2133 Genouill\u00e8re Articul\u00e9 Ferm\u00e9 Triaxial - investmedic-store.com","og_description":"Genouill\u00e8re articul\u00e9e \u00e0 deux essieux Une genouill\u00e8re \u00e0 charni\u00e8re l\u00e9g\u00e8re et de haute qualit\u00e9 avec un long et \u00e9pais manchon en nylon et coton ainsi que des charni\u00e8res polycentriques, des but\u00e9es d\u2019hyperextension et des coussinets de condyle pour un ajustement, un confort et un maintien accrus.\u00a0Il donne un fort soutien lat\u00e9ral aux c\u00f4t\u00e9s du genou.\u00a0Convient &hellip; OC 2133 Genouill\u00e8re Articul\u00e9 Ferm\u00e9 TriaxialRead More","og_url":"https:\/\/investmedic-store.com\/?product=genouillere-articule-ferme-triaxial","og_site_name":"investmedic-store.com","article_publisher":"https:\/\/www.facebook.com\/invest.medic","article_modified_time":"2025-12-17T13:34:22+00:00","og_image":[{"width":641,"height":730,"url":"http:\/\/investmedic-store.com\/wp-content\/uploads\/2023\/08\/Gel-Bi-Axle-Hinged-Knee-Cap.png","type":"image\/png"}],"twitter_card":"summary_large_image","twitter_misc":{"Dur\u00e9e de lecture estim\u00e9e":"1 minute"},"schema":{"@context":"https:\/\/schema.org","@graph":[{"@type":"WebPage","@id":"https:\/\/investmedic-store.com\/?product=genouillere-articule-ferme-triaxial","url":"https:\/\/investmedic-store.com\/?product=genouillere-articule-ferme-triaxial","name":"OC 2133 Genouill\u00e8re Articul\u00e9 Ferm\u00e9 Triaxial - investmedic-store.com","isPartOf":{"@id":"https:\/\/investmedic-store.com\/#website"},"datePublished":"2023-08-08T10:48:11+00:00","dateModified":"2025-12-17T13:34:22+00:00","breadcrumb":{"@id":"https:\/\/investmedic-store.com\/?product=genouillere-articule-ferme-triaxial#breadcrumb"},"inLanguage":"fr-FR","potentialAction":[{"@type":"ReadAction","target":["https:\/\/investmedic-store.com\/?product=genouillere-articule-ferme-triaxial"]}]},{"@type":"BreadcrumbList","@id":"https:\/\/investmedic-store.com\/?product=genouillere-articule-ferme-triaxial#breadcrumb","itemListElement":[{"@type":"ListItem","position":1,"name":"Accueil","item":"https:\/\/investmedic-store.com\/"},{"@type":"ListItem","position":2,"name":"Shop","item":"https:\/\/investmedic-store.com\/?page_id=5"},{"@type":"ListItem","position":3,"name":"OC 2133 Genouill\u00e8re Articul\u00e9 Ferm\u00e9 Triaxial"}]},{"@type":"WebSite","@id":"https:\/\/investmedic-store.com\/#website","url":"https:\/\/investmedic-store.com\/","name":"invest medic store","description":"Importation &amp; Distribution Du Materiels Medico-Chirurgicales - \u0627\u0633\u062a\u064a\u0631\u0627\u062f \u0648\u062a\u0648\u0632\u064a\u0639 \u0627\u0644\u0645\u0648\u0627\u062f \u0627\u0644\u0637\u0628\u064a\u0629 \u0627\u0644\u062c\u0631\u0627\u062d\u064a\u0629","publisher":{"@id":"https:\/\/investmedic-store.com\/#organization"},"alternateName":"investmedic store","potentialAction":[{"@type":"SearchAction","target":{"@type":"EntryPoint","urlTemplate":"https:\/\/investmedic-store.com\/?s={search_term_string}"},"query-input":"required name=search_term_string"}],"inLanguage":"fr-FR"},{"@type":"Organization","@id":"https:\/\/investmedic-store.com\/#organization","name":"invest.medic store","alternateName":"investmedic store","url":"https:\/\/investmedic-store.com\/","logo":{"@type":"ImageObject","inLanguage":"fr-FR","@id":"https:\/\/investmedic-store.com\/#\/schema\/logo\/image\/","url":"https:\/\/investmedic-store.com\/wp-content\/uploads\/2023\/07\/cropped-LOGO_INVEST-transformed-removebg-preview-transformed-1-e1690120839263.png","contentUrl":"https:\/\/investmedic-store.com\/wp-content\/uploads\/2023\/07\/cropped-LOGO_INVEST-transformed-removebg-preview-transformed-1-e1690120839263.png","width":512,"height":512,"caption":"invest.medic store"},"image":{"@id":"https:\/\/investmedic-store.com\/#\/schema\/logo\/image\/"},"sameAs":["https:\/\/www.facebook.com\/invest.medic"]}]}},"_links":{"self":[{"href":"https:\/\/investmedic-store.com\/index.php?rest_route=\/wp\/v2\/product\/1035"}],"collection":[{"href":"https:\/\/investmedic-store.com\/index.php?rest_route=\/wp\/v2\/product"}],"about":[{"href":"https:\/\/investmedic-store.com\/index.php?rest_route=\/wp\/v2\/types\/product"}],"replies":[{"embeddable":true,"href":"https:\/\/investmedic-store.com\/index.php?rest_route=%2Fwp%2Fv2%2Fcomments&post=1035"}],"wp:featuredmedia":[{"embeddable":true,"href":"https:\/\/investmedic-store.com\/index.php?rest_route=\/wp\/v2\/media\/1042"}],"wp:attachment":[{"href":"https:\/\/investmedic-store.com\/index.php?rest_route=%2Fwp%2Fv2%2Fmedia&parent=1035"}],"wp:term":[{"taxonomy":"product_cat","embeddable":true,"href":"https:\/\/investmedic-store.com\/index.php?rest_route=%2Fwp%2Fv2%2Fproduct_cat&post=1035"},{"taxonomy":"product_tag","embeddable":true,"href":"https:\/\/investmedic-store.com\/index.php?rest_route=%2Fwp%2Fv2%2Fproduct_tag&post=1035"}],"curies":[{"name":"wp","href":"https:\/\/api.w.org\/{rel}","templated":true}]}}